{"id":818,"date":"2020-06-18T12:43:59","date_gmt":"2020-08-17T15:37:02","guid":{"rendered":"https:\/\/steinmannonline.com\/shop\/nekategorizovano\/sc551-sampon-za-pranje-tepiha\/"},"modified":"2022-02-08T08:53:10","modified_gmt":"2022-02-08T08:53:10","slug":"super-concentrated-carpet-cleaning-shampoo-sc551","status":"publish","type":"product","link":"https:\/\/steinmannonline.com\/sr\/shop\/tepih-i-namestaj\/super-concentrated-carpet-cleaning-shampoo-sc551\/","title":{"rendered":"SC551 &#8211; \u0160ampon za pranje tepiha"},"content":{"rendered":"<p>Super koncetrovano sredstvo za pranje tepiha na bazi polimera pogodno za sve ma\u0161ine za pranje. Ne ostavlja nikakve tragove posle ispiranja.<\/p>\n","protected":false},"excerpt":{"rendered":"<p>Super koncetrovano sredstvo za pranje tepiha na bazi polimera pogodno za sve ma\u0161ine za pranje.<\/p>\n<p>Ne ostavlja nikakve tragove posle ispiranja. Nova tehnologija na bazi polimera razgra\u0111uje prljav\u0161tinu i olak\u0161ava pranje a potom i ispiranje. Ostatke prljav\u0161tine je veoma lako ukloniti ispiranjem sa ma\u0161inom za ekstrakciju. Poma\u017ee u spre\u010davanju ponovnog uno\u0161enja pra\u0161ine u potku tepiha.<\/p>\n<p>Ovaj \u0161ampon za tepihe i name\u0161taj se mo\u017ee koristiti sa svim ma\u0161inama za ekstrakciju.<\/p>\n<p>Razre\u0111uje se do 400:1 u zavistnosti od na\u010dina pranja kao i zaprljanosti.<\/p>\n","protected":false},"featured_media":785,"comment_status":"open","ping_status":"closed","template":"","meta":{"nf_dc_page":""},"product_cat":[51],"product_tag":[59,73],"yoast_head":"<!-- This site is optimized with the Yoast SEO plugin v20.1 - https:\/\/yoast.com\/wordpress\/plugins\/seo\/ -->\n<title>SC551 - \u0160ampon za pranje tepiha - Steinmann<\/title>\n<meta name=\"robots\" content=\"index, follow, max-snippet:-1, max-image-preview:large, max-video-preview:-1\" \/>\n<link rel=\"canonical\" href=\"https:\/\/steinmannonline.com\/sr\/shop\/tepih-i-namestaj\/super-concentrated-carpet-cleaning-shampoo-sc551\/\" \/>\n<meta property=\"og:locale\" content=\"sr_RS\" \/>\n<meta property=\"og:type\" content=\"article\" \/>\n<meta property=\"og:title\" content=\"SC551 - \u0160ampon za pranje tepiha - Steinmann\" \/>\n<meta property=\"og:description\" content=\"Super koncetrovano sredstvo za pranje tepiha na bazi polimera pogodno za sve ma\u0161ine za pranje.  Ne ostavlja nikakve tragove posle ispiranja. Nova tehnologija na bazi polimera razgra\u0111uje prljav\u0161tinu i olak\u0161ava pranje a potom i ispiranje. Ostatke prljav\u0161tine je veoma lako ukloniti ispiranjem sa ma\u0161inom za ekstrakciju. Poma\u017ee u spre\u010davanju ponovnog uno\u0161enja pra\u0161ine u potku tepiha.  Ovaj \u0161ampon za tepihe i name\u0161taj se mo\u017ee koristiti sa svim ma\u0161inama za ekstrakciju.  Razre\u0111uje se do 400:1 u zavistnosti od na\u010dina pranja kao i zaprljanosti.\" \/>\n<meta property=\"og:url\" content=\"https:\/\/steinmannonline.com\/sr\/shop\/tepih-i-namestaj\/super-concentrated-carpet-cleaning-shampoo-sc551\/\" \/>\n<meta property=\"og:site_name\" content=\"Steinmann\" \/>\n<meta property=\"article:modified_time\" content=\"2022-02-08T08:53:10+00:00\" \/>\n<meta property=\"og:image\" content=\"https:\/\/steinmannonline.com\/wp-content\/uploads\/2020\/06\/SC551-1-l.png\" \/>\n\t<meta property=\"og:image:width\" content=\"1024\" \/>\n\t<meta property=\"og:image:height\" content=\"768\" \/>\n\t<meta property=\"og:image:type\" content=\"image\/png\" \/>\n<meta name=\"twitter:card\" content=\"summary_large_image\" \/>\n<script type=\"application\/ld+json\" class=\"yoast-schema-graph\">{\"@context\":\"https:\/\/schema.org\",\"@graph\":[{\"@type\":\"WebPage\",\"@id\":\"https:\/\/steinmannonline.com\/sr\/shop\/tepih-i-namestaj\/super-concentrated-carpet-cleaning-shampoo-sc551\/\",\"url\":\"https:\/\/steinmannonline.com\/sr\/shop\/tepih-i-namestaj\/super-concentrated-carpet-cleaning-shampoo-sc551\/\",\"name\":\"SC551 - \u0160ampon za pranje tepiha - Steinmann\",\"isPartOf\":{\"@id\":\"https:\/\/steinmannonline.com\/en\/en\/#website\"},\"datePublished\":\"2020-08-17T15:37:02+00:00\",\"dateModified\":\"2022-02-08T08:53:10+00:00\",\"breadcrumb\":{\"@id\":\"https:\/\/steinmannonline.com\/sr\/shop\/tepih-i-namestaj\/super-concentrated-carpet-cleaning-shampoo-sc551\/#breadcrumb\"},\"inLanguage\":\"sr-RS\",\"potentialAction\":[{\"@type\":\"ReadAction\",\"target\":[\"https:\/\/steinmannonline.com\/sr\/shop\/tepih-i-namestaj\/super-concentrated-carpet-cleaning-shampoo-sc551\/\"]}]},{\"@type\":\"BreadcrumbList\",\"@id\":\"https:\/\/steinmannonline.com\/sr\/shop\/tepih-i-namestaj\/super-concentrated-carpet-cleaning-shampoo-sc551\/#breadcrumb\",\"itemListElement\":[{\"@type\":\"ListItem\",\"position\":1,\"name\":\"Home\",\"item\":\"https:\/\/steinmannonline.com\/sr\/\"},{\"@type\":\"ListItem\",\"position\":2,\"name\":\"Shop\",\"item\":\"https:\/\/steinmannonline.com\/en\/shop\/\"},{\"@type\":\"ListItem\",\"position\":3,\"name\":\"SC551 &#8211; \u0160ampon za pranje tepiha\"}]},{\"@type\":\"WebSite\",\"@id\":\"https:\/\/steinmannonline.com\/en\/en\/#website\",\"url\":\"https:\/\/steinmannonline.com\/en\/en\/\",\"name\":\"Steinmann\",\"description\":\"Cleaning Solutions\",\"publisher\":{\"@id\":\"https:\/\/steinmannonline.com\/en\/en\/#organization\"},\"potentialAction\":[{\"@type\":\"SearchAction\",\"target\":{\"@type\":\"EntryPoint\",\"urlTemplate\":\"https:\/\/steinmannonline.com\/en\/en\/?s={search_term_string}\"},\"query-input\":\"required name=search_term_string\"}],\"inLanguage\":\"sr-RS\"},{\"@type\":\"Organization\",\"@id\":\"https:\/\/steinmannonline.com\/en\/en\/#organization\",\"name\":\"Steinmann\",\"url\":\"https:\/\/steinmannonline.com\/en\/en\/\",\"logo\":{\"@type\":\"ImageObject\",\"inLanguage\":\"sr-RS\",\"@id\":\"https:\/\/steinmannonline.com\/en\/en\/#\/schema\/logo\/image\/\",\"url\":\"https:\/\/steinmannonline.com\/wp-content\/uploads\/2020\/05\/Asset-1.png\",\"contentUrl\":\"https:\/\/steinmannonline.com\/wp-content\/uploads\/2020\/05\/Asset-1.png\",\"width\":150,\"height\":55,\"caption\":\"Steinmann\"},\"image\":{\"@id\":\"https:\/\/steinmannonline.com\/en\/en\/#\/schema\/logo\/image\/\"}}]}<\/script>\n<!-- \/ Yoast SEO plugin. -->","yoast_head_json":{"title":"SC551 - \u0160ampon za pranje tepiha - Steinmann","robots":{"index":"index","follow":"follow","max-snippet":"max-snippet:-1","max-image-preview":"max-image-preview:large","max-video-preview":"max-video-preview:-1"},"canonical":"https:\/\/steinmannonline.com\/sr\/shop\/tepih-i-namestaj\/super-concentrated-carpet-cleaning-shampoo-sc551\/","og_locale":"sr_RS","og_type":"article","og_title":"SC551 - \u0160ampon za pranje tepiha - Steinmann","og_description":"Super koncetrovano sredstvo za pranje tepiha na bazi polimera pogodno za sve ma\u0161ine za pranje.  Ne ostavlja nikakve tragove posle ispiranja. Nova tehnologija na bazi polimera razgra\u0111uje prljav\u0161tinu i olak\u0161ava pranje a potom i ispiranje. Ostatke prljav\u0161tine je veoma lako ukloniti ispiranjem sa ma\u0161inom za ekstrakciju. Poma\u017ee u spre\u010davanju ponovnog uno\u0161enja pra\u0161ine u potku tepiha.  Ovaj \u0161ampon za tepihe i name\u0161taj se mo\u017ee koristiti sa svim ma\u0161inama za ekstrakciju.  Razre\u0111uje se do 400:1 u zavistnosti od na\u010dina pranja kao i zaprljanosti.","og_url":"https:\/\/steinmannonline.com\/sr\/shop\/tepih-i-namestaj\/super-concentrated-carpet-cleaning-shampoo-sc551\/","og_site_name":"Steinmann","article_modified_time":"2022-02-08T08:53:10+00:00","og_image":[{"width":1024,"height":768,"url":"https:\/\/steinmannonline.com\/wp-content\/uploads\/2020\/06\/SC551-1-l.png","type":"image\/png"}],"twitter_card":"summary_large_image","schema":{"@context":"https:\/\/schema.org","@graph":[{"@type":"WebPage","@id":"https:\/\/steinmannonline.com\/sr\/shop\/tepih-i-namestaj\/super-concentrated-carpet-cleaning-shampoo-sc551\/","url":"https:\/\/steinmannonline.com\/sr\/shop\/tepih-i-namestaj\/super-concentrated-carpet-cleaning-shampoo-sc551\/","name":"SC551 - \u0160ampon za pranje tepiha - Steinmann","isPartOf":{"@id":"https:\/\/steinmannonline.com\/en\/en\/#website"},"datePublished":"2020-08-17T15:37:02+00:00","dateModified":"2022-02-08T08:53:10+00:00","breadcrumb":{"@id":"https:\/\/steinmannonline.com\/sr\/shop\/tepih-i-namestaj\/super-concentrated-carpet-cleaning-shampoo-sc551\/#breadcrumb"},"inLanguage":"sr-RS","potentialAction":[{"@type":"ReadAction","target":["https:\/\/steinmannonline.com\/sr\/shop\/tepih-i-namestaj\/super-concentrated-carpet-cleaning-shampoo-sc551\/"]}]},{"@type":"BreadcrumbList","@id":"https:\/\/steinmannonline.com\/sr\/shop\/tepih-i-namestaj\/super-concentrated-carpet-cleaning-shampoo-sc551\/#breadcrumb","itemListElement":[{"@type":"ListItem","position":1,"name":"Home","item":"https:\/\/steinmannonline.com\/sr\/"},{"@type":"ListItem","position":2,"name":"Shop","item":"https:\/\/steinmannonline.com\/en\/shop\/"},{"@type":"ListItem","position":3,"name":"SC551 &#8211; \u0160ampon za pranje tepiha"}]},{"@type":"WebSite","@id":"https:\/\/steinmannonline.com\/en\/en\/#website","url":"https:\/\/steinmannonline.com\/en\/en\/","name":"Steinmann","description":"Cleaning Solutions","publisher":{"@id":"https:\/\/steinmannonline.com\/en\/en\/#organization"},"potentialAction":[{"@type":"SearchAction","target":{"@type":"EntryPoint","urlTemplate":"https:\/\/steinmannonline.com\/en\/en\/?s={search_term_string}"},"query-input":"required name=search_term_string"}],"inLanguage":"sr-RS"},{"@type":"Organization","@id":"https:\/\/steinmannonline.com\/en\/en\/#organization","name":"Steinmann","url":"https:\/\/steinmannonline.com\/en\/en\/","logo":{"@type":"ImageObject","inLanguage":"sr-RS","@id":"https:\/\/steinmannonline.com\/en\/en\/#\/schema\/logo\/image\/","url":"https:\/\/steinmannonline.com\/wp-content\/uploads\/2020\/05\/Asset-1.png","contentUrl":"https:\/\/steinmannonline.com\/wp-content\/uploads\/2020\/05\/Asset-1.png","width":150,"height":55,"caption":"Steinmann"},"image":{"@id":"https:\/\/steinmannonline.com\/en\/en\/#\/schema\/logo\/image\/"}}]}},"_links":{"self":[{"href":"https:\/\/steinmannonline.com\/sr\/wp-json\/wp\/v2\/product\/818"}],"collection":[{"href":"https:\/\/steinmannonline.com\/sr\/wp-json\/wp\/v2\/product"}],"about":[{"href":"https:\/\/steinmannonline.com\/sr\/wp-json\/wp\/v2\/types\/product"}],"replies":[{"embeddable":true,"href":"https:\/\/steinmannonline.com\/sr\/wp-json\/wp\/v2\/comments?post=818"}],"version-history":[{"count":0,"href":"https:\/\/steinmannonline.com\/sr\/wp-json\/wp\/v2\/product\/818\/revisions"}],"wp:featuredmedia":[{"embeddable":true,"href":"https:\/\/steinmannonline.com\/sr\/wp-json\/wp\/v2\/media\/785"}],"wp:attachment":[{"href":"https:\/\/steinmannonline.com\/sr\/wp-json\/wp\/v2\/media?parent=818"}],"wp:term":[{"taxonomy":"product_cat","embeddable":true,"href":"https:\/\/steinmannonline.com\/sr\/wp-json\/wp\/v2\/product_cat?post=818"},{"taxonomy":"product_tag","embeddable":true,"href":"https:\/\/steinmannonline.com\/sr\/wp-json\/wp\/v2\/product_tag?post=818"}],"curies":[{"name":"wp","href":"https:\/\/api.w.org\/{rel}","templated":true}]}}