{"id":755,"date":"2020-06-18T12:51:56","date_gmt":"2020-08-07T17:16:39","guid":{"rendered":"https:\/\/steinmannonline.com\/shop\/citrosol-odmascivac-za-motore\/"},"modified":"2023-01-26T07:34:05","modified_gmt":"2023-01-26T07:34:05","slug":"engine-degreaser-and-tar-remover-citrosol-2","status":"publish","type":"product","link":"https:\/\/steinmannonline.com\/sr\/shop\/podovi-i-povrsine\/engine-degreaser-and-tar-remover-citrosol-2\/","title":{"rendered":"Citrosol &#8211; Odma\u0161\u0107iva\u010d za motore"},"content":{"rendered":"<p>Recite zbogom tvrdokornim mrljama od motornog ulja na delovima va\u0161eg vozila. Citrosol je mo\u0107no sredstvo za \u010di\u0161\u0107enje koje \u0107e lako o\u010distiti gare\u017e sa \u0161asije.<\/p>\n<p>Sa Citrosol odma\u0161\u0107iva\u010dem za motore i delove vozila \u0107ete otkloniti sve naslage ulja i masti bez muke.<\/p>\n<p>Napravljen sa prirodnim citrusnim uljima, ovaj mo\u0107ni odma\u0161\u0107iva\u010d je specijalno formulisan da lako i efikasno ukloni sve ne\u010disto\u0107e jednim ve\u0107 sa prvim nanosom, ostavljaju\u0107i va\u0161 motor ili vozilo sjajnim i potpuno \u010distim.<\/p>\n<p>Nije samo efikasan, ve\u0107 je i siguran za vas i okolinu, jer je napravljen bez \u0161tetnih hemikalija po zdravlje.<\/p>\n<p>Citrosol odma\u0161\u0107iva\u010d je savr\u0161en za odr\u017eavanje besprekornog i dobro odr\u017eavanog vozila.<\/p>\n<p>Ne \u010dekajte vi\u0161e, probajte ga danas i sami iskusite razliku u odnosu na druge proizvode.<\/p>\n<p>Tako\u0111e je pogodan za odma\u0161\u0107ivanje podnih obloga, kao i svih drugih povr\u0161ina.<\/p>\n<p>Ovo mo\u0107no sredstvo \u0107e ukloniti gare\u017e sa bilo koje por\u0161ine koju \u017eelite da o\u010distite.<\/p>\n<p>Lako se mo\u017ee isprati sa vodom i neostavlja mrlje.<\/p>\n","protected":false},"excerpt":{"rendered":"<p>Sredstvo za \u010di\u0161\u0107enje delova za motore na bazi citrusa. Tako\u0111e pogodan za odma\u0161\u0107ivanje podnih obloga.<\/p>\n<p>Ovo mo\u0107no sredstvo \u0107e ukloniti gare\u017e sa bilo koje por\u0161ine koju \u017eelite da o\u010distite.<\/p>\n<p>Lako se mo\u017ee isprati sa vodom i neostavlja mrlje.<\/p>\n","protected":false},"featured_media":756,"comment_status":"open","ping_status":"closed","template":"","meta":{"nf_dc_page":""},"product_cat":[53],"product_tag":[69],"yoast_head":"<!-- This site is optimized with the Yoast SEO plugin v20.1 - https:\/\/yoast.com\/wordpress\/plugins\/seo\/ -->\n<title>Citrosol - Odma\u0161\u0107iva\u010d za motore - Steinmann<\/title>\n<meta name=\"robots\" content=\"index, follow, max-snippet:-1, max-image-preview:large, max-video-preview:-1\" \/>\n<link rel=\"canonical\" href=\"https:\/\/steinmannonline.com\/sr\/shop\/podovi-i-povrsine\/engine-degreaser-and-tar-remover-citrosol-2\/\" \/>\n<meta property=\"og:locale\" content=\"sr_RS\" \/>\n<meta property=\"og:type\" content=\"article\" \/>\n<meta property=\"og:title\" content=\"Citrosol - Odma\u0161\u0107iva\u010d za motore - Steinmann\" \/>\n<meta property=\"og:description\" content=\"Sredstvo za \u010di\u0161\u0107enje delova za motore na bazi citrusa. Tako\u0111e pogodan za odma\u0161\u0107ivanje podnih obloga.  Ovo mo\u0107no sredstvo \u0107e ukloniti gare\u017e sa bilo koje por\u0161ine koju \u017eelite da o\u010distite.  Lako se mo\u017ee isprati sa vodom i neostavlja mrlje.\" \/>\n<meta property=\"og:url\" content=\"https:\/\/steinmannonline.com\/sr\/shop\/podovi-i-povrsine\/engine-degreaser-and-tar-remover-citrosol-2\/\" \/>\n<meta property=\"og:site_name\" content=\"Steinmann\" \/>\n<meta property=\"article:modified_time\" content=\"2023-01-26T07:34:05+00:00\" \/>\n<meta property=\"og:image\" content=\"https:\/\/steinmannonline.com\/wp-content\/uploads\/2020\/06\/Citrosol.png\" \/>\n\t<meta property=\"og:image:width\" content=\"1024\" \/>\n\t<meta property=\"og:image:height\" content=\"768\" \/>\n\t<meta property=\"og:image:type\" content=\"image\/png\" \/>\n<meta name=\"twitter:card\" content=\"summary_large_image\" \/>\n<meta name=\"twitter:label1\" content=\"\u041f\u0440\u043e\u0446\u0435\u045a\u0435\u043d\u043e \u0432\u0440\u0435\u043c\u0435 \u0447\u0438\u0442\u0430\u045a\u0430\" \/>\n\t<meta name=\"twitter:data1\" content=\"1 \u043c\u0438\u043d\u0443\u0442\" \/>\n<script type=\"application\/ld+json\" class=\"yoast-schema-graph\">{\"@context\":\"https:\/\/schema.org\",\"@graph\":[{\"@type\":\"WebPage\",\"@id\":\"https:\/\/steinmannonline.com\/sr\/shop\/podovi-i-povrsine\/engine-degreaser-and-tar-remover-citrosol-2\/\",\"url\":\"https:\/\/steinmannonline.com\/sr\/shop\/podovi-i-povrsine\/engine-degreaser-and-tar-remover-citrosol-2\/\",\"name\":\"Citrosol - Odma\u0161\u0107iva\u010d za motore - Steinmann\",\"isPartOf\":{\"@id\":\"https:\/\/steinmannonline.com\/en\/en\/#website\"},\"datePublished\":\"2020-08-07T17:16:39+00:00\",\"dateModified\":\"2023-01-26T07:34:05+00:00\",\"breadcrumb\":{\"@id\":\"https:\/\/steinmannonline.com\/sr\/shop\/podovi-i-povrsine\/engine-degreaser-and-tar-remover-citrosol-2\/#breadcrumb\"},\"inLanguage\":\"sr-RS\",\"potentialAction\":[{\"@type\":\"ReadAction\",\"target\":[\"https:\/\/steinmannonline.com\/sr\/shop\/podovi-i-povrsine\/engine-degreaser-and-tar-remover-citrosol-2\/\"]}]},{\"@type\":\"BreadcrumbList\",\"@id\":\"https:\/\/steinmannonline.com\/sr\/shop\/podovi-i-povrsine\/engine-degreaser-and-tar-remover-citrosol-2\/#breadcrumb\",\"itemListElement\":[{\"@type\":\"ListItem\",\"position\":1,\"name\":\"Home\",\"item\":\"https:\/\/steinmannonline.com\/sr\/\"},{\"@type\":\"ListItem\",\"position\":2,\"name\":\"Shop\",\"item\":\"https:\/\/steinmannonline.com\/en\/shop\/\"},{\"@type\":\"ListItem\",\"position\":3,\"name\":\"Citrosol &#8211; Odma\u0161\u0107iva\u010d za motore\"}]},{\"@type\":\"WebSite\",\"@id\":\"https:\/\/steinmannonline.com\/en\/en\/#website\",\"url\":\"https:\/\/steinmannonline.com\/en\/en\/\",\"name\":\"Steinmann\",\"description\":\"Cleaning Solutions\",\"publisher\":{\"@id\":\"https:\/\/steinmannonline.com\/en\/en\/#organization\"},\"potentialAction\":[{\"@type\":\"SearchAction\",\"target\":{\"@type\":\"EntryPoint\",\"urlTemplate\":\"https:\/\/steinmannonline.com\/en\/en\/?s={search_term_string}\"},\"query-input\":\"required name=search_term_string\"}],\"inLanguage\":\"sr-RS\"},{\"@type\":\"Organization\",\"@id\":\"https:\/\/steinmannonline.com\/en\/en\/#organization\",\"name\":\"Steinmann\",\"url\":\"https:\/\/steinmannonline.com\/en\/en\/\",\"logo\":{\"@type\":\"ImageObject\",\"inLanguage\":\"sr-RS\",\"@id\":\"https:\/\/steinmannonline.com\/en\/en\/#\/schema\/logo\/image\/\",\"url\":\"https:\/\/steinmannonline.com\/wp-content\/uploads\/2020\/05\/Asset-1.png\",\"contentUrl\":\"https:\/\/steinmannonline.com\/wp-content\/uploads\/2020\/05\/Asset-1.png\",\"width\":150,\"height\":55,\"caption\":\"Steinmann\"},\"image\":{\"@id\":\"https:\/\/steinmannonline.com\/en\/en\/#\/schema\/logo\/image\/\"}}]}<\/script>\n<!-- \/ Yoast SEO plugin. -->","yoast_head_json":{"title":"Citrosol - Odma\u0161\u0107iva\u010d za motore - Steinmann","robots":{"index":"index","follow":"follow","max-snippet":"max-snippet:-1","max-image-preview":"max-image-preview:large","max-video-preview":"max-video-preview:-1"},"canonical":"https:\/\/steinmannonline.com\/sr\/shop\/podovi-i-povrsine\/engine-degreaser-and-tar-remover-citrosol-2\/","og_locale":"sr_RS","og_type":"article","og_title":"Citrosol - Odma\u0161\u0107iva\u010d za motore - Steinmann","og_description":"Sredstvo za \u010di\u0161\u0107enje delova za motore na bazi citrusa. Tako\u0111e pogodan za odma\u0161\u0107ivanje podnih obloga.  Ovo mo\u0107no sredstvo \u0107e ukloniti gare\u017e sa bilo koje por\u0161ine koju \u017eelite da o\u010distite.  Lako se mo\u017ee isprati sa vodom i neostavlja mrlje.","og_url":"https:\/\/steinmannonline.com\/sr\/shop\/podovi-i-povrsine\/engine-degreaser-and-tar-remover-citrosol-2\/","og_site_name":"Steinmann","article_modified_time":"2023-01-26T07:34:05+00:00","og_image":[{"width":1024,"height":768,"url":"https:\/\/steinmannonline.com\/wp-content\/uploads\/2020\/06\/Citrosol.png","type":"image\/png"}],"twitter_card":"summary_large_image","twitter_misc":{"\u041f\u0440\u043e\u0446\u0435\u045a\u0435\u043d\u043e \u0432\u0440\u0435\u043c\u0435 \u0447\u0438\u0442\u0430\u045a\u0430":"1 \u043c\u0438\u043d\u0443\u0442"},"schema":{"@context":"https:\/\/schema.org","@graph":[{"@type":"WebPage","@id":"https:\/\/steinmannonline.com\/sr\/shop\/podovi-i-povrsine\/engine-degreaser-and-tar-remover-citrosol-2\/","url":"https:\/\/steinmannonline.com\/sr\/shop\/podovi-i-povrsine\/engine-degreaser-and-tar-remover-citrosol-2\/","name":"Citrosol - Odma\u0161\u0107iva\u010d za motore - Steinmann","isPartOf":{"@id":"https:\/\/steinmannonline.com\/en\/en\/#website"},"datePublished":"2020-08-07T17:16:39+00:00","dateModified":"2023-01-26T07:34:05+00:00","breadcrumb":{"@id":"https:\/\/steinmannonline.com\/sr\/shop\/podovi-i-povrsine\/engine-degreaser-and-tar-remover-citrosol-2\/#breadcrumb"},"inLanguage":"sr-RS","potentialAction":[{"@type":"ReadAction","target":["https:\/\/steinmannonline.com\/sr\/shop\/podovi-i-povrsine\/engine-degreaser-and-tar-remover-citrosol-2\/"]}]},{"@type":"BreadcrumbList","@id":"https:\/\/steinmannonline.com\/sr\/shop\/podovi-i-povrsine\/engine-degreaser-and-tar-remover-citrosol-2\/#breadcrumb","itemListElement":[{"@type":"ListItem","position":1,"name":"Home","item":"https:\/\/steinmannonline.com\/sr\/"},{"@type":"ListItem","position":2,"name":"Shop","item":"https:\/\/steinmannonline.com\/en\/shop\/"},{"@type":"ListItem","position":3,"name":"Citrosol &#8211; Odma\u0161\u0107iva\u010d za motore"}]},{"@type":"WebSite","@id":"https:\/\/steinmannonline.com\/en\/en\/#website","url":"https:\/\/steinmannonline.com\/en\/en\/","name":"Steinmann","description":"Cleaning Solutions","publisher":{"@id":"https:\/\/steinmannonline.com\/en\/en\/#organization"},"potentialAction":[{"@type":"SearchAction","target":{"@type":"EntryPoint","urlTemplate":"https:\/\/steinmannonline.com\/en\/en\/?s={search_term_string}"},"query-input":"required name=search_term_string"}],"inLanguage":"sr-RS"},{"@type":"Organization","@id":"https:\/\/steinmannonline.com\/en\/en\/#organization","name":"Steinmann","url":"https:\/\/steinmannonline.com\/en\/en\/","logo":{"@type":"ImageObject","inLanguage":"sr-RS","@id":"https:\/\/steinmannonline.com\/en\/en\/#\/schema\/logo\/image\/","url":"https:\/\/steinmannonline.com\/wp-content\/uploads\/2020\/05\/Asset-1.png","contentUrl":"https:\/\/steinmannonline.com\/wp-content\/uploads\/2020\/05\/Asset-1.png","width":150,"height":55,"caption":"Steinmann"},"image":{"@id":"https:\/\/steinmannonline.com\/en\/en\/#\/schema\/logo\/image\/"}}]}},"_links":{"self":[{"href":"https:\/\/steinmannonline.com\/sr\/wp-json\/wp\/v2\/product\/755"}],"collection":[{"href":"https:\/\/steinmannonline.com\/sr\/wp-json\/wp\/v2\/product"}],"about":[{"href":"https:\/\/steinmannonline.com\/sr\/wp-json\/wp\/v2\/types\/product"}],"replies":[{"embeddable":true,"href":"https:\/\/steinmannonline.com\/sr\/wp-json\/wp\/v2\/comments?post=755"}],"version-history":[{"count":1,"href":"https:\/\/steinmannonline.com\/sr\/wp-json\/wp\/v2\/product\/755\/revisions"}],"predecessor-version":[{"id":1229,"href":"https:\/\/steinmannonline.com\/sr\/wp-json\/wp\/v2\/product\/755\/revisions\/1229"}],"wp:featuredmedia":[{"embeddable":true,"href":"https:\/\/steinmannonline.com\/sr\/wp-json\/wp\/v2\/media\/756"}],"wp:attachment":[{"href":"https:\/\/steinmannonline.com\/sr\/wp-json\/wp\/v2\/media?parent=755"}],"wp:term":[{"taxonomy":"product_cat","embeddable":true,"href":"https:\/\/steinmannonline.com\/sr\/wp-json\/wp\/v2\/product_cat?post=755"},{"taxonomy":"product_tag","embeddable":true,"href":"https:\/\/steinmannonline.com\/sr\/wp-json\/wp\/v2\/product_tag?post=755"}],"curies":[{"name":"wp","href":"https:\/\/api.w.org\/{rel}","templated":true}]}}