{"id":746,"date":"2020-06-18T13:14:16","date_gmt":"2020-08-07T16:55:34","guid":{"rendered":"https:\/\/steinmannonline.com\/shop\/microcel-sredstvo-za-ciscenje-na-bazi-citrusa\/"},"modified":"2022-02-08T08:43:13","modified_gmt":"2022-02-08T08:43:13","slug":"microcel-heavy-duty-citrus-cleaner","status":"publish","type":"product","link":"https:\/\/steinmannonline.com\/sr\/shop\/podovi-i-povrsine\/microcel-heavy-duty-citrus-cleaner\/","title":{"rendered":"Microcel-Sredstvo za \u010di\u0161\u0107enje na bazi citrusa"},"content":{"rendered":"<p>Sredstvo za \u010di\u0161\u0107enje prorodnih tvrdih podova.<br \/>\nLako se uklanjaju ulje, masti, vosak, neprijatni mirisi.<br \/>\nOstavlja prijatan citrusni miris. Koristi se za ner\u0111aju\u0107i \u010delik, plastiku, metal.<\/p>\n","protected":false},"excerpt":{"rendered":"<p>Sredstvo za pranje tvrdih povr\u0161ina na bazi prirodnog ekstrakta.<\/p>\n<p>Lako se uklanjaju ulje, masti, vosak, neprijatni mirisi.<\/p>\n<p>Ostavlja prijatan citrusni miris.<\/p>\n<p>Primeljiv za ner\u0111ajuju\u0107i \u010delik, plastiku, metal i druge povr\u0161ine.<\/p>\n<p>Mo\u017ee se razbla\u017eiti do 80:1 sa vodom.<\/p>\n","protected":false},"featured_media":747,"comment_status":"open","ping_status":"closed","template":"","meta":{"nf_dc_page":""},"product_cat":[53],"product_tag":[64],"yoast_head":"<!-- This site is optimized with the Yoast SEO plugin v20.1 - https:\/\/yoast.com\/wordpress\/plugins\/seo\/ -->\n<title>Microcel-Sredstvo za \u010di\u0161\u0107enje na bazi citrusa - Steinmann<\/title>\n<meta name=\"robots\" content=\"index, follow, max-snippet:-1, max-image-preview:large, max-video-preview:-1\" \/>\n<link rel=\"canonical\" href=\"https:\/\/steinmannonline.com\/sr\/shop\/podovi-i-povrsine\/microcel-heavy-duty-citrus-cleaner\/\" \/>\n<meta property=\"og:locale\" content=\"sr_RS\" \/>\n<meta property=\"og:type\" content=\"article\" \/>\n<meta property=\"og:title\" content=\"Microcel-Sredstvo za \u010di\u0161\u0107enje na bazi citrusa - Steinmann\" \/>\n<meta property=\"og:description\" content=\"Sredstvo za pranje tvrdih povr\u0161ina na bazi prirodnog ekstrakta. Lako se uklanjaju ulje, masti, vosak, neprijatni mirisi. Ostavlja prijatan citrusni miris. Primeljiv za ner\u0111ajuju\u0107i \u010delik, plastiku, metal i druge povr\u0161ine. Mo\u017ee se razbla\u017eiti do 80:1 sa vodom.\" \/>\n<meta property=\"og:url\" content=\"https:\/\/steinmannonline.com\/sr\/shop\/podovi-i-povrsine\/microcel-heavy-duty-citrus-cleaner\/\" \/>\n<meta property=\"og:site_name\" content=\"Steinmann\" \/>\n<meta property=\"article:modified_time\" content=\"2022-02-08T08:43:13+00:00\" \/>\n<meta property=\"og:image\" content=\"https:\/\/steinmannonline.com\/wp-content\/uploads\/2020\/06\/Microcel.png\" \/>\n\t<meta property=\"og:image:width\" content=\"1024\" \/>\n\t<meta property=\"og:image:height\" content=\"768\" \/>\n\t<meta property=\"og:image:type\" content=\"image\/png\" \/>\n<meta name=\"twitter:card\" content=\"summary_large_image\" \/>\n<script type=\"application\/ld+json\" class=\"yoast-schema-graph\">{\"@context\":\"https:\/\/schema.org\",\"@graph\":[{\"@type\":\"WebPage\",\"@id\":\"https:\/\/steinmannonline.com\/sr\/shop\/podovi-i-povrsine\/microcel-heavy-duty-citrus-cleaner\/\",\"url\":\"https:\/\/steinmannonline.com\/sr\/shop\/podovi-i-povrsine\/microcel-heavy-duty-citrus-cleaner\/\",\"name\":\"Microcel-Sredstvo za \u010di\u0161\u0107enje na bazi citrusa - Steinmann\",\"isPartOf\":{\"@id\":\"https:\/\/steinmannonline.com\/en\/en\/#website\"},\"datePublished\":\"2020-08-07T16:55:34+00:00\",\"dateModified\":\"2022-02-08T08:43:13+00:00\",\"breadcrumb\":{\"@id\":\"https:\/\/steinmannonline.com\/sr\/shop\/podovi-i-povrsine\/microcel-heavy-duty-citrus-cleaner\/#breadcrumb\"},\"inLanguage\":\"sr-RS\",\"potentialAction\":[{\"@type\":\"ReadAction\",\"target\":[\"https:\/\/steinmannonline.com\/sr\/shop\/podovi-i-povrsine\/microcel-heavy-duty-citrus-cleaner\/\"]}]},{\"@type\":\"BreadcrumbList\",\"@id\":\"https:\/\/steinmannonline.com\/sr\/shop\/podovi-i-povrsine\/microcel-heavy-duty-citrus-cleaner\/#breadcrumb\",\"itemListElement\":[{\"@type\":\"ListItem\",\"position\":1,\"name\":\"Home\",\"item\":\"https:\/\/steinmannonline.com\/sr\/\"},{\"@type\":\"ListItem\",\"position\":2,\"name\":\"Shop\",\"item\":\"https:\/\/steinmannonline.com\/en\/shop\/\"},{\"@type\":\"ListItem\",\"position\":3,\"name\":\"Microcel-Sredstvo za \u010di\u0161\u0107enje na bazi citrusa\"}]},{\"@type\":\"WebSite\",\"@id\":\"https:\/\/steinmannonline.com\/en\/en\/#website\",\"url\":\"https:\/\/steinmannonline.com\/en\/en\/\",\"name\":\"Steinmann\",\"description\":\"Cleaning Solutions\",\"publisher\":{\"@id\":\"https:\/\/steinmannonline.com\/en\/en\/#organization\"},\"potentialAction\":[{\"@type\":\"SearchAction\",\"target\":{\"@type\":\"EntryPoint\",\"urlTemplate\":\"https:\/\/steinmannonline.com\/en\/en\/?s={search_term_string}\"},\"query-input\":\"required name=search_term_string\"}],\"inLanguage\":\"sr-RS\"},{\"@type\":\"Organization\",\"@id\":\"https:\/\/steinmannonline.com\/en\/en\/#organization\",\"name\":\"Steinmann\",\"url\":\"https:\/\/steinmannonline.com\/en\/en\/\",\"logo\":{\"@type\":\"ImageObject\",\"inLanguage\":\"sr-RS\",\"@id\":\"https:\/\/steinmannonline.com\/en\/en\/#\/schema\/logo\/image\/\",\"url\":\"https:\/\/steinmannonline.com\/wp-content\/uploads\/2020\/05\/Asset-1.png\",\"contentUrl\":\"https:\/\/steinmannonline.com\/wp-content\/uploads\/2020\/05\/Asset-1.png\",\"width\":150,\"height\":55,\"caption\":\"Steinmann\"},\"image\":{\"@id\":\"https:\/\/steinmannonline.com\/en\/en\/#\/schema\/logo\/image\/\"}}]}<\/script>\n<!-- \/ Yoast SEO plugin. -->","yoast_head_json":{"title":"Microcel-Sredstvo za \u010di\u0161\u0107enje na bazi citrusa - Steinmann","robots":{"index":"index","follow":"follow","max-snippet":"max-snippet:-1","max-image-preview":"max-image-preview:large","max-video-preview":"max-video-preview:-1"},"canonical":"https:\/\/steinmannonline.com\/sr\/shop\/podovi-i-povrsine\/microcel-heavy-duty-citrus-cleaner\/","og_locale":"sr_RS","og_type":"article","og_title":"Microcel-Sredstvo za \u010di\u0161\u0107enje na bazi citrusa - Steinmann","og_description":"Sredstvo za pranje tvrdih povr\u0161ina na bazi prirodnog ekstrakta. Lako se uklanjaju ulje, masti, vosak, neprijatni mirisi. Ostavlja prijatan citrusni miris. Primeljiv za ner\u0111ajuju\u0107i \u010delik, plastiku, metal i druge povr\u0161ine. Mo\u017ee se razbla\u017eiti do 80:1 sa vodom.","og_url":"https:\/\/steinmannonline.com\/sr\/shop\/podovi-i-povrsine\/microcel-heavy-duty-citrus-cleaner\/","og_site_name":"Steinmann","article_modified_time":"2022-02-08T08:43:13+00:00","og_image":[{"width":1024,"height":768,"url":"https:\/\/steinmannonline.com\/wp-content\/uploads\/2020\/06\/Microcel.png","type":"image\/png"}],"twitter_card":"summary_large_image","schema":{"@context":"https:\/\/schema.org","@graph":[{"@type":"WebPage","@id":"https:\/\/steinmannonline.com\/sr\/shop\/podovi-i-povrsine\/microcel-heavy-duty-citrus-cleaner\/","url":"https:\/\/steinmannonline.com\/sr\/shop\/podovi-i-povrsine\/microcel-heavy-duty-citrus-cleaner\/","name":"Microcel-Sredstvo za \u010di\u0161\u0107enje na bazi citrusa - Steinmann","isPartOf":{"@id":"https:\/\/steinmannonline.com\/en\/en\/#website"},"datePublished":"2020-08-07T16:55:34+00:00","dateModified":"2022-02-08T08:43:13+00:00","breadcrumb":{"@id":"https:\/\/steinmannonline.com\/sr\/shop\/podovi-i-povrsine\/microcel-heavy-duty-citrus-cleaner\/#breadcrumb"},"inLanguage":"sr-RS","potentialAction":[{"@type":"ReadAction","target":["https:\/\/steinmannonline.com\/sr\/shop\/podovi-i-povrsine\/microcel-heavy-duty-citrus-cleaner\/"]}]},{"@type":"BreadcrumbList","@id":"https:\/\/steinmannonline.com\/sr\/shop\/podovi-i-povrsine\/microcel-heavy-duty-citrus-cleaner\/#breadcrumb","itemListElement":[{"@type":"ListItem","position":1,"name":"Home","item":"https:\/\/steinmannonline.com\/sr\/"},{"@type":"ListItem","position":2,"name":"Shop","item":"https:\/\/steinmannonline.com\/en\/shop\/"},{"@type":"ListItem","position":3,"name":"Microcel-Sredstvo za \u010di\u0161\u0107enje na bazi citrusa"}]},{"@type":"WebSite","@id":"https:\/\/steinmannonline.com\/en\/en\/#website","url":"https:\/\/steinmannonline.com\/en\/en\/","name":"Steinmann","description":"Cleaning Solutions","publisher":{"@id":"https:\/\/steinmannonline.com\/en\/en\/#organization"},"potentialAction":[{"@type":"SearchAction","target":{"@type":"EntryPoint","urlTemplate":"https:\/\/steinmannonline.com\/en\/en\/?s={search_term_string}"},"query-input":"required name=search_term_string"}],"inLanguage":"sr-RS"},{"@type":"Organization","@id":"https:\/\/steinmannonline.com\/en\/en\/#organization","name":"Steinmann","url":"https:\/\/steinmannonline.com\/en\/en\/","logo":{"@type":"ImageObject","inLanguage":"sr-RS","@id":"https:\/\/steinmannonline.com\/en\/en\/#\/schema\/logo\/image\/","url":"https:\/\/steinmannonline.com\/wp-content\/uploads\/2020\/05\/Asset-1.png","contentUrl":"https:\/\/steinmannonline.com\/wp-content\/uploads\/2020\/05\/Asset-1.png","width":150,"height":55,"caption":"Steinmann"},"image":{"@id":"https:\/\/steinmannonline.com\/en\/en\/#\/schema\/logo\/image\/"}}]}},"_links":{"self":[{"href":"https:\/\/steinmannonline.com\/sr\/wp-json\/wp\/v2\/product\/746"}],"collection":[{"href":"https:\/\/steinmannonline.com\/sr\/wp-json\/wp\/v2\/product"}],"about":[{"href":"https:\/\/steinmannonline.com\/sr\/wp-json\/wp\/v2\/types\/product"}],"replies":[{"embeddable":true,"href":"https:\/\/steinmannonline.com\/sr\/wp-json\/wp\/v2\/comments?post=746"}],"version-history":[{"count":0,"href":"https:\/\/steinmannonline.com\/sr\/wp-json\/wp\/v2\/product\/746\/revisions"}],"wp:featuredmedia":[{"embeddable":true,"href":"https:\/\/steinmannonline.com\/sr\/wp-json\/wp\/v2\/media\/747"}],"wp:attachment":[{"href":"https:\/\/steinmannonline.com\/sr\/wp-json\/wp\/v2\/media?parent=746"}],"wp:term":[{"taxonomy":"product_cat","embeddable":true,"href":"https:\/\/steinmannonline.com\/sr\/wp-json\/wp\/v2\/product_cat?post=746"},{"taxonomy":"product_tag","embeddable":true,"href":"https:\/\/steinmannonline.com\/sr\/wp-json\/wp\/v2\/product_tag?post=746"}],"curies":[{"name":"wp","href":"https:\/\/api.w.org\/{rel}","templated":true}]}}