{"id":1070,"date":"2020-06-08T13:29:24","date_gmt":"2022-02-08T15:11:38","guid":{"rendered":"https:\/\/steinmannonline.com\/shop\/\u043d\u0435\u043a\u0430\u0442\u0435\u0433\u043e\u0440\u0438\u0437\u043e\u0432\u0430\u043d\u043e\/estaclean-veoma-mocan-biorazgradivi-odmascivac\/"},"modified":"2022-02-08T15:11:38","modified_gmt":"2022-02-08T15:11:38","slug":"estaclean-veoma-mocan-biorazgradivi-odmascivac","status":"publish","type":"product","link":"https:\/\/steinmannonline.com\/sr\/shop\/podovi-i-povrsine\/estaclean-veoma-mocan-biorazgradivi-odmascivac\/","title":{"rendered":"Estaclean &#8211; Veoma Mo\u0107an Biorazgradivi Odma\u0161\u0107iva\u010d"},"content":{"rendered":"<p>Veoma Mo\u0107an Odma\u0161\u0107iva\u010d od Steinmann-a. Estaclean je pogodan za upotrebu odma\u0161\u0107ivanje fleka sa betoga, kao i fleka nastalim od prosipanja ulja. Mo\u017ee se koristiti za detaljno \u010di\u0161\u0107enje i odma\u0161\u0107ivanje kuhinja gde se priprema hrana.<\/p>\n<p>\u0415\u0441\u0442\u0430\u0446\u043b\u0435\u0430\u043d \u0458\u0435 \u0431\u0435\u0437\u0431\u0435\u0434\u0430\u043d \u0438 \u0435\u0444\u0438\u043a\u0430\u0441\u0430\u043d \u043e\u0434\u043c\u0430\u0448\u045b\u0438\u0432\u0430\u0447 \u043d\u0430 \u0431\u0430\u0437\u0438 \u0440\u0430\u0441\u0442\u0432\u0430\u0440\u0430\u0447\u0430 \u0431\u0438\u0459\u043d\u0438\u0445 \u0435\u0441\u0442\u0430\u0440\u0430 \u0434\u043e\u0431\u0438\u0458\u0435\u043d\u0438\u0445 \u0438\u0437 \u043f\u0440\u0438\u0440\u043e\u0434\u043d\u0438\u0445 \u0438\u0437\u0432\u043e\u0440\u0430. Estaclean je bezbedan i efikasan odma\u0161\u0107iva\u010d baziran na bazi biljnim ekstraktima dobijenih iz prirodnih izvora.<\/p>\n","protected":false},"excerpt":{"rendered":"<p>Estaclean je pogodan za upotrebu odma\u0161\u0107ivanje fleka sa betona, kao i fleka nastalim od prosipanja ulja. Mo\u017ee se koristiti za detaljno \u010di\u0161\u0107enje i odma\u0161\u0107ivanje kuhinja gde se priprema hrana.<\/p>\n<p>Estaclean je bezbedan i efikasan odma\u0161\u0107iva\u010d baziran na bazi biljnim ekstraktima dobijenih iz prirodnih izvora. Ne sadr\u017ei naftne rastvara\u010de, hlorisane ugljovodonike ili glikol etre i 100 je biorazgradiv. Estaclean ima nisku oralnu toksi\u010dnost, slab miris, nisku opasnost od isparenja i nije klasifikovan kao zapaljiv.<\/p>\n<p>Koristite proizvod kako je isporu\u010den i nanesite ga \u010detkom ili sprejom. Ostavite nekoliko minuta da proizvod po\u010dne da deluje i rastvori naslage, a zatim ga obri\u0161ite upijaju\u0107om kropom ili isperite vodom. Estaclean formira emulzije kada se pome\u0161a sa vodom kako bi mogoa u uklanjanju fleka sa raznih povr\u0161ina. Tako\u0111e je pogodan za upotrebu u rezervoarima i opremi za pranje delova. Na farbanim povr\u0161inama proverite da li je pogodan pre upotrebe.<\/p>\n","protected":false},"featured_media":1071,"comment_status":"open","ping_status":"closed","template":"","meta":{"nf_dc_page":""},"product_cat":[53],"product_tag":[76],"yoast_head":"<!-- This site is optimized with the Yoast SEO plugin v20.1 - https:\/\/yoast.com\/wordpress\/plugins\/seo\/ -->\n<title>Estaclean - Veoma Mo\u0107an Biorazgradivi Odma\u0161\u0107iva\u010d - Steinmann<\/title>\n<meta name=\"robots\" content=\"index, follow, max-snippet:-1, max-image-preview:large, max-video-preview:-1\" \/>\n<link rel=\"canonical\" href=\"https:\/\/steinmannonline.com\/shop\/\u043d\u0435\u043a\u0430\u0442\u0435\u0433\u043e\u0440\u0438\u0437\u043e\u0432\u0430\u043d\u043e\/estaclean-veoma-mocan-biorazgradivi-odmascivac\/\" \/>\n<meta property=\"og:locale\" content=\"sr_RS\" \/>\n<meta property=\"og:type\" content=\"article\" \/>\n<meta property=\"og:title\" content=\"Estaclean - Veoma Mo\u0107an Biorazgradivi Odma\u0161\u0107iva\u010d - Steinmann\" \/>\n<meta property=\"og:description\" content=\"Estaclean je pogodan za upotrebu odma\u0161\u0107ivanje fleka sa betona, kao i fleka nastalim od prosipanja ulja. Mo\u017ee se koristiti za detaljno \u010di\u0161\u0107enje i odma\u0161\u0107ivanje kuhinja gde se priprema hrana. Estaclean je bezbedan i efikasan odma\u0161\u0107iva\u010d baziran na bazi biljnim ekstraktima dobijenih iz prirodnih izvora. Ne sadr\u017ei naftne rastvara\u010de, hlorisane ugljovodonike ili glikol etre i 100 je biorazgradiv. Estaclean ima nisku oralnu toksi\u010dnost, slab miris, nisku opasnost od isparenja i nije klasifikovan kao zapaljiv. Koristite proizvod kako je isporu\u010den i nanesite ga \u010detkom ili sprejom. Ostavite nekoliko minuta da proizvod po\u010dne da deluje i rastvori naslage, a zatim ga obri\u0161ite upijaju\u0107om kropom ili isperite vodom. Estaclean formira emulzije kada se pome\u0161a sa vodom kako bi mogoa u uklanjanju fleka sa raznih povr\u0161ina. Tako\u0111e je pogodan za upotrebu u rezervoarima i opremi za pranje delova. Na farbanim povr\u0161inama proverite da li je pogodan pre upotrebe.\" \/>\n<meta property=\"og:url\" content=\"https:\/\/steinmannonline.com\/shop\/\u043d\u0435\u043a\u0430\u0442\u0435\u0433\u043e\u0440\u0438\u0437\u043e\u0432\u0430\u043d\u043e\/estaclean-veoma-mocan-biorazgradivi-odmascivac\/\" \/>\n<meta property=\"og:site_name\" content=\"Steinmann\" \/>\n<meta name=\"twitter:card\" content=\"summary_large_image\" \/>\n<script type=\"application\/ld+json\" class=\"yoast-schema-graph\">{\"@context\":\"https:\/\/schema.org\",\"@graph\":[{\"@type\":\"WebPage\",\"@id\":\"https:\/\/steinmannonline.com\/shop\/\u043d\u0435\u043a\u0430\u0442\u0435\u0433\u043e\u0440\u0438\u0437\u043e\u0432\u0430\u043d\u043e\/estaclean-veoma-mocan-biorazgradivi-odmascivac\/\",\"url\":\"https:\/\/steinmannonline.com\/shop\/\u043d\u0435\u043a\u0430\u0442\u0435\u0433\u043e\u0440\u0438\u0437\u043e\u0432\u0430\u043d\u043e\/estaclean-veoma-mocan-biorazgradivi-odmascivac\/\",\"name\":\"Estaclean - Veoma Mo\u0107an Biorazgradivi Odma\u0161\u0107iva\u010d - Steinmann\",\"isPartOf\":{\"@id\":\"https:\/\/steinmannonline.com\/en\/en\/#website\"},\"datePublished\":\"2022-02-08T15:11:38+00:00\",\"dateModified\":\"2022-02-08T15:11:38+00:00\",\"breadcrumb\":{\"@id\":\"https:\/\/steinmannonline.com\/shop\/\u043d\u0435\u043a\u0430\u0442\u0435\u0433\u043e\u0440\u0438\u0437\u043e\u0432\u0430\u043d\u043e\/estaclean-veoma-mocan-biorazgradivi-odmascivac\/#breadcrumb\"},\"inLanguage\":\"sr-RS\",\"potentialAction\":[{\"@type\":\"ReadAction\",\"target\":[\"https:\/\/steinmannonline.com\/shop\/\u043d\u0435\u043a\u0430\u0442\u0435\u0433\u043e\u0440\u0438\u0437\u043e\u0432\u0430\u043d\u043e\/estaclean-veoma-mocan-biorazgradivi-odmascivac\/\"]}]},{\"@type\":\"BreadcrumbList\",\"@id\":\"https:\/\/steinmannonline.com\/shop\/\u043d\u0435\u043a\u0430\u0442\u0435\u0433\u043e\u0440\u0438\u0437\u043e\u0432\u0430\u043d\u043e\/estaclean-veoma-mocan-biorazgradivi-odmascivac\/#breadcrumb\",\"itemListElement\":[{\"@type\":\"ListItem\",\"position\":1,\"name\":\"Home\",\"item\":\"https:\/\/steinmannonline.com\/sr\/\"},{\"@type\":\"ListItem\",\"position\":2,\"name\":\"Shop\",\"item\":\"https:\/\/steinmannonline.com\/en\/shop\/\"},{\"@type\":\"ListItem\",\"position\":3,\"name\":\"Estaclean &#8211; Veoma Mo\u0107an Biorazgradivi Odma\u0161\u0107iva\u010d\"}]},{\"@type\":\"WebSite\",\"@id\":\"https:\/\/steinmannonline.com\/en\/en\/#website\",\"url\":\"https:\/\/steinmannonline.com\/en\/en\/\",\"name\":\"Steinmann\",\"description\":\"Cleaning Solutions\",\"publisher\":{\"@id\":\"https:\/\/steinmannonline.com\/en\/en\/#organization\"},\"potentialAction\":[{\"@type\":\"SearchAction\",\"target\":{\"@type\":\"EntryPoint\",\"urlTemplate\":\"https:\/\/steinmannonline.com\/en\/en\/?s={search_term_string}\"},\"query-input\":\"required name=search_term_string\"}],\"inLanguage\":\"sr-RS\"},{\"@type\":\"Organization\",\"@id\":\"https:\/\/steinmannonline.com\/en\/en\/#organization\",\"name\":\"Steinmann\",\"url\":\"https:\/\/steinmannonline.com\/en\/en\/\",\"logo\":{\"@type\":\"ImageObject\",\"inLanguage\":\"sr-RS\",\"@id\":\"https:\/\/steinmannonline.com\/en\/en\/#\/schema\/logo\/image\/\",\"url\":\"https:\/\/steinmannonline.com\/wp-content\/uploads\/2020\/05\/Asset-1.png\",\"contentUrl\":\"https:\/\/steinmannonline.com\/wp-content\/uploads\/2020\/05\/Asset-1.png\",\"width\":150,\"height\":55,\"caption\":\"Steinmann\"},\"image\":{\"@id\":\"https:\/\/steinmannonline.com\/en\/en\/#\/schema\/logo\/image\/\"}}]}<\/script>\n<!-- \/ Yoast SEO plugin. -->","yoast_head_json":{"title":"Estaclean - Veoma Mo\u0107an Biorazgradivi Odma\u0161\u0107iva\u010d - Steinmann","robots":{"index":"index","follow":"follow","max-snippet":"max-snippet:-1","max-image-preview":"max-image-preview:large","max-video-preview":"max-video-preview:-1"},"canonical":"https:\/\/steinmannonline.com\/shop\/\u043d\u0435\u043a\u0430\u0442\u0435\u0433\u043e\u0440\u0438\u0437\u043e\u0432\u0430\u043d\u043e\/estaclean-veoma-mocan-biorazgradivi-odmascivac\/","og_locale":"sr_RS","og_type":"article","og_title":"Estaclean - Veoma Mo\u0107an Biorazgradivi Odma\u0161\u0107iva\u010d - Steinmann","og_description":"Estaclean je pogodan za upotrebu odma\u0161\u0107ivanje fleka sa betona, kao i fleka nastalim od prosipanja ulja. Mo\u017ee se koristiti za detaljno \u010di\u0161\u0107enje i odma\u0161\u0107ivanje kuhinja gde se priprema hrana. Estaclean je bezbedan i efikasan odma\u0161\u0107iva\u010d baziran na bazi biljnim ekstraktima dobijenih iz prirodnih izvora. Ne sadr\u017ei naftne rastvara\u010de, hlorisane ugljovodonike ili glikol etre i 100 je biorazgradiv. Estaclean ima nisku oralnu toksi\u010dnost, slab miris, nisku opasnost od isparenja i nije klasifikovan kao zapaljiv. Koristite proizvod kako je isporu\u010den i nanesite ga \u010detkom ili sprejom. Ostavite nekoliko minuta da proizvod po\u010dne da deluje i rastvori naslage, a zatim ga obri\u0161ite upijaju\u0107om kropom ili isperite vodom. Estaclean formira emulzije kada se pome\u0161a sa vodom kako bi mogoa u uklanjanju fleka sa raznih povr\u0161ina. Tako\u0111e je pogodan za upotrebu u rezervoarima i opremi za pranje delova. Na farbanim povr\u0161inama proverite da li je pogodan pre upotrebe.","og_url":"https:\/\/steinmannonline.com\/shop\/\u043d\u0435\u043a\u0430\u0442\u0435\u0433\u043e\u0440\u0438\u0437\u043e\u0432\u0430\u043d\u043e\/estaclean-veoma-mocan-biorazgradivi-odmascivac\/","og_site_name":"Steinmann","twitter_card":"summary_large_image","schema":{"@context":"https:\/\/schema.org","@graph":[{"@type":"WebPage","@id":"https:\/\/steinmannonline.com\/shop\/\u043d\u0435\u043a\u0430\u0442\u0435\u0433\u043e\u0440\u0438\u0437\u043e\u0432\u0430\u043d\u043e\/estaclean-veoma-mocan-biorazgradivi-odmascivac\/","url":"https:\/\/steinmannonline.com\/shop\/\u043d\u0435\u043a\u0430\u0442\u0435\u0433\u043e\u0440\u0438\u0437\u043e\u0432\u0430\u043d\u043e\/estaclean-veoma-mocan-biorazgradivi-odmascivac\/","name":"Estaclean - Veoma Mo\u0107an Biorazgradivi Odma\u0161\u0107iva\u010d - Steinmann","isPartOf":{"@id":"https:\/\/steinmannonline.com\/en\/en\/#website"},"datePublished":"2022-02-08T15:11:38+00:00","dateModified":"2022-02-08T15:11:38+00:00","breadcrumb":{"@id":"https:\/\/steinmannonline.com\/shop\/\u043d\u0435\u043a\u0430\u0442\u0435\u0433\u043e\u0440\u0438\u0437\u043e\u0432\u0430\u043d\u043e\/estaclean-veoma-mocan-biorazgradivi-odmascivac\/#breadcrumb"},"inLanguage":"sr-RS","potentialAction":[{"@type":"ReadAction","target":["https:\/\/steinmannonline.com\/shop\/\u043d\u0435\u043a\u0430\u0442\u0435\u0433\u043e\u0440\u0438\u0437\u043e\u0432\u0430\u043d\u043e\/estaclean-veoma-mocan-biorazgradivi-odmascivac\/"]}]},{"@type":"BreadcrumbList","@id":"https:\/\/steinmannonline.com\/shop\/\u043d\u0435\u043a\u0430\u0442\u0435\u0433\u043e\u0440\u0438\u0437\u043e\u0432\u0430\u043d\u043e\/estaclean-veoma-mocan-biorazgradivi-odmascivac\/#breadcrumb","itemListElement":[{"@type":"ListItem","position":1,"name":"Home","item":"https:\/\/steinmannonline.com\/sr\/"},{"@type":"ListItem","position":2,"name":"Shop","item":"https:\/\/steinmannonline.com\/en\/shop\/"},{"@type":"ListItem","position":3,"name":"Estaclean &#8211; Veoma Mo\u0107an Biorazgradivi Odma\u0161\u0107iva\u010d"}]},{"@type":"WebSite","@id":"https:\/\/steinmannonline.com\/en\/en\/#website","url":"https:\/\/steinmannonline.com\/en\/en\/","name":"Steinmann","description":"Cleaning Solutions","publisher":{"@id":"https:\/\/steinmannonline.com\/en\/en\/#organization"},"potentialAction":[{"@type":"SearchAction","target":{"@type":"EntryPoint","urlTemplate":"https:\/\/steinmannonline.com\/en\/en\/?s={search_term_string}"},"query-input":"required name=search_term_string"}],"inLanguage":"sr-RS"},{"@type":"Organization","@id":"https:\/\/steinmannonline.com\/en\/en\/#organization","name":"Steinmann","url":"https:\/\/steinmannonline.com\/en\/en\/","logo":{"@type":"ImageObject","inLanguage":"sr-RS","@id":"https:\/\/steinmannonline.com\/en\/en\/#\/schema\/logo\/image\/","url":"https:\/\/steinmannonline.com\/wp-content\/uploads\/2020\/05\/Asset-1.png","contentUrl":"https:\/\/steinmannonline.com\/wp-content\/uploads\/2020\/05\/Asset-1.png","width":150,"height":55,"caption":"Steinmann"},"image":{"@id":"https:\/\/steinmannonline.com\/en\/en\/#\/schema\/logo\/image\/"}}]}},"_links":{"self":[{"href":"https:\/\/steinmannonline.com\/sr\/wp-json\/wp\/v2\/product\/1070"}],"collection":[{"href":"https:\/\/steinmannonline.com\/sr\/wp-json\/wp\/v2\/product"}],"about":[{"href":"https:\/\/steinmannonline.com\/sr\/wp-json\/wp\/v2\/types\/product"}],"replies":[{"embeddable":true,"href":"https:\/\/steinmannonline.com\/sr\/wp-json\/wp\/v2\/comments?post=1070"}],"version-history":[{"count":0,"href":"https:\/\/steinmannonline.com\/sr\/wp-json\/wp\/v2\/product\/1070\/revisions"}],"wp:featuredmedia":[{"embeddable":true,"href":"https:\/\/steinmannonline.com\/sr\/wp-json\/wp\/v2\/media\/1071"}],"wp:attachment":[{"href":"https:\/\/steinmannonline.com\/sr\/wp-json\/wp\/v2\/media?parent=1070"}],"wp:term":[{"taxonomy":"product_cat","embeddable":true,"href":"https:\/\/steinmannonline.com\/sr\/wp-json\/wp\/v2\/product_cat?post=1070"},{"taxonomy":"product_tag","embeddable":true,"href":"https:\/\/steinmannonline.com\/sr\/wp-json\/wp\/v2\/product_tag?post=1070"}],"curies":[{"name":"wp","href":"https:\/\/api.w.org\/{rel}","templated":true}]}}