{"id":1049,"date":"2020-06-18T12:33:19","date_gmt":"2022-02-08T09:02:37","guid":{"rendered":"https:\/\/steinmannonline.com\/shop\/\u043d\u0435\u043a\u0430\u0442\u0435\u0433\u043e\u0440\u0438\u0437\u043e\u0432\u0430\u043d\u043e\/sredstvo-za-ciscenje-i-regeneraciju-koze\/"},"modified":"2023-02-15T11:14:43","modified_gmt":"2023-02-15T11:14:43","slug":"sredstvo-za-ciscenje-i-kondicioniranje-koze","status":"publish","type":"product","link":"https:\/\/steinmannonline.com\/sr\/shop\/tepih-i-namestaj\/sredstvo-za-ciscenje-i-kondicioniranje-koze\/","title":{"rendered":"Sredstvo za \u010di\u0161\u0107enje i regeneraciju ko\u017ee"},"content":{"rendered":"<p>Napranljen da efikano \u010disti i regeneri\u0161e \u0161irok spektar materijala od ko\u017ee, kao \u0161to su ko\u017ene sofe, torbe, jakne i obu\u0107a.<\/p>\n<p><strong>Veoma jednostavan za kori\u0161\u0107enje.<\/strong><\/p>\n<p><strong>Nanesite malu koli\u010dinu sredstva za \u010di\u0161\u0107enje i regeneraciju ko\u017ee na \u010distu krpu i jednostavno obri\u0161ite \u017eeljeni predmet.<\/strong><\/p>\n<p>Dostupan u kantama od 5 litara kao i prskalicama od 500 ml odmah spremnih za upotrebu.<\/p>\n<p>Svi tragovi prljav\u0161tine \u0107e se lako ukloniti, a va\u0161a dragocena ko\u017ea \u0107e ostati \u010dista i gipka sa onim ose\u0107ajem ko\u017ee kao da je nova.<\/p>\n","protected":false},"excerpt":{"rendered":"<p>Otkrijte krajnje re\u0161enje za odr\u017eavanje vitalnosti i izgleda va\u0161ih stvari od ko\u017ee sa na\u0161im premium sredstvom za \u010di\u0161\u0107enje i regeneraciju ko\u017ee.<\/p>\n<p><strong>Ovaj proizvod efikasno uklanja prljav\u0161tinu i druge ne\u010disto\u0107e ostavljaju\u0107i proizode od ko\u017ee kao nove.<\/strong><\/p>\n<p>Daju\u0107i proizvodima od ko\u017ee nov i sve\u017e izgled ovo sredstvo je ne\u0161to \u0161to bi svako trebao da ima.<\/p>\n<p>Sredstvo za \u010di\u0161\u0107enje i regeneraciju ko\u017ee za \u010di\u0161\u0107enje svih ko\u017enih sedi\u0161ta automobila kao i enterijera vozila sa ko\u017eom.<\/p>\n<p>Do\u017eivite superiorne rezultate sa premium sredstvom za \u010di\u0161\u0107enje i regeneraciju ko\u017ee i produ\u017eite \u017eivotni vek i sve\u017einu va\u0161ih omiljenih stvari od ko\u017ee.<\/p>\n<p><strong>Sve \u0161to vam treba za negu ko\u017ee u jednoj boci.<\/strong><\/p>\n","protected":false},"featured_media":791,"comment_status":"open","ping_status":"closed","template":"","meta":{"nf_dc_page":""},"product_cat":[51],"product_tag":[74],"yoast_head":"<!-- This site is optimized with the Yoast SEO plugin v20.1 - https:\/\/yoast.com\/wordpress\/plugins\/seo\/ -->\n<title>Sredstvo za \u010di\u0161\u0107enje i regeneraciju ko\u017ee - Steinmann<\/title>\n<meta name=\"robots\" content=\"index, follow, max-snippet:-1, max-image-preview:large, max-video-preview:-1\" \/>\n<link rel=\"canonical\" href=\"https:\/\/steinmannonline.com\/sr\/shop\/tepih-i-namestaj\/sredstvo-za-ciscenje-i-kondicioniranje-koze\/\" \/>\n<meta property=\"og:locale\" content=\"sr_RS\" \/>\n<meta property=\"og:type\" content=\"article\" \/>\n<meta property=\"og:title\" content=\"Sredstvo za \u010di\u0161\u0107enje i regeneraciju ko\u017ee - Steinmann\" \/>\n<meta property=\"og:description\" content=\"Otkrijte krajnje re\u0161enje za odr\u017eavanje vitalnosti i izgleda va\u0161ih stvari od ko\u017ee sa na\u0161im premium sredstvom za \u010di\u0161\u0107enje i regeneraciju ko\u017ee.  Ovaj proizvod efikasno uklanja prljav\u0161tinu i druge ne\u010disto\u0107e ostavljaju\u0107i proizode od ko\u017ee kao nove.  Daju\u0107i proizvodima od ko\u017ee nov i sve\u017e izgled ovo sredstvo je ne\u0161to \u0161to bi svako trebao da ima.  Sredstvo za \u010di\u0161\u0107enje i regeneraciju ko\u017ee za \u010di\u0161\u0107enje svih ko\u017enih sedi\u0161ta automobila kao i enterijera vozila sa ko\u017eom.  Do\u017eivite superiorne rezultate sa premium sredstvom za \u010di\u0161\u0107enje i regeneraciju ko\u017ee i produ\u017eite \u017eivotni vek i sve\u017einu va\u0161ih omiljenih stvari od ko\u017ee.  Sve \u0161to vam treba za negu ko\u017ee u jednoj boci.\" \/>\n<meta property=\"og:url\" content=\"https:\/\/steinmannonline.com\/sr\/shop\/tepih-i-namestaj\/sredstvo-za-ciscenje-i-kondicioniranje-koze\/\" \/>\n<meta property=\"og:site_name\" content=\"Steinmann\" \/>\n<meta property=\"article:modified_time\" content=\"2023-02-15T11:14:43+00:00\" \/>\n<meta property=\"og:image\" content=\"https:\/\/steinmannonline.com\/wp-content\/uploads\/2020\/06\/Leather-Cleaner-and-Conditioner.png\" \/>\n\t<meta property=\"og:image:width\" content=\"1024\" \/>\n\t<meta property=\"og:image:height\" content=\"768\" \/>\n\t<meta property=\"og:image:type\" content=\"image\/png\" \/>\n<meta name=\"twitter:card\" content=\"summary_large_image\" \/>\n<meta name=\"twitter:label1\" content=\"\u041f\u0440\u043e\u0446\u0435\u045a\u0435\u043d\u043e \u0432\u0440\u0435\u043c\u0435 \u0447\u0438\u0442\u0430\u045a\u0430\" \/>\n\t<meta name=\"twitter:data1\" content=\"1 \u043c\u0438\u043d\u0443\u0442\" \/>\n<script type=\"application\/ld+json\" class=\"yoast-schema-graph\">{\"@context\":\"https:\/\/schema.org\",\"@graph\":[{\"@type\":\"WebPage\",\"@id\":\"https:\/\/steinmannonline.com\/sr\/shop\/tepih-i-namestaj\/sredstvo-za-ciscenje-i-kondicioniranje-koze\/\",\"url\":\"https:\/\/steinmannonline.com\/sr\/shop\/tepih-i-namestaj\/sredstvo-za-ciscenje-i-kondicioniranje-koze\/\",\"name\":\"Sredstvo za \u010di\u0161\u0107enje i regeneraciju ko\u017ee - Steinmann\",\"isPartOf\":{\"@id\":\"https:\/\/steinmannonline.com\/en\/en\/#website\"},\"datePublished\":\"2022-02-08T09:02:37+00:00\",\"dateModified\":\"2023-02-15T11:14:43+00:00\",\"breadcrumb\":{\"@id\":\"https:\/\/steinmannonline.com\/sr\/shop\/tepih-i-namestaj\/sredstvo-za-ciscenje-i-kondicioniranje-koze\/#breadcrumb\"},\"inLanguage\":\"sr-RS\",\"potentialAction\":[{\"@type\":\"ReadAction\",\"target\":[\"https:\/\/steinmannonline.com\/sr\/shop\/tepih-i-namestaj\/sredstvo-za-ciscenje-i-kondicioniranje-koze\/\"]}]},{\"@type\":\"BreadcrumbList\",\"@id\":\"https:\/\/steinmannonline.com\/sr\/shop\/tepih-i-namestaj\/sredstvo-za-ciscenje-i-kondicioniranje-koze\/#breadcrumb\",\"itemListElement\":[{\"@type\":\"ListItem\",\"position\":1,\"name\":\"Home\",\"item\":\"https:\/\/steinmannonline.com\/sr\/\"},{\"@type\":\"ListItem\",\"position\":2,\"name\":\"Shop\",\"item\":\"https:\/\/steinmannonline.com\/en\/shop\/\"},{\"@type\":\"ListItem\",\"position\":3,\"name\":\"Sredstvo za \u010di\u0161\u0107enje i regeneraciju ko\u017ee\"}]},{\"@type\":\"WebSite\",\"@id\":\"https:\/\/steinmannonline.com\/en\/en\/#website\",\"url\":\"https:\/\/steinmannonline.com\/en\/en\/\",\"name\":\"Steinmann\",\"description\":\"Cleaning Solutions\",\"publisher\":{\"@id\":\"https:\/\/steinmannonline.com\/en\/en\/#organization\"},\"potentialAction\":[{\"@type\":\"SearchAction\",\"target\":{\"@type\":\"EntryPoint\",\"urlTemplate\":\"https:\/\/steinmannonline.com\/en\/en\/?s={search_term_string}\"},\"query-input\":\"required name=search_term_string\"}],\"inLanguage\":\"sr-RS\"},{\"@type\":\"Organization\",\"@id\":\"https:\/\/steinmannonline.com\/en\/en\/#organization\",\"name\":\"Steinmann\",\"url\":\"https:\/\/steinmannonline.com\/en\/en\/\",\"logo\":{\"@type\":\"ImageObject\",\"inLanguage\":\"sr-RS\",\"@id\":\"https:\/\/steinmannonline.com\/en\/en\/#\/schema\/logo\/image\/\",\"url\":\"https:\/\/steinmannonline.com\/wp-content\/uploads\/2020\/05\/Asset-1.png\",\"contentUrl\":\"https:\/\/steinmannonline.com\/wp-content\/uploads\/2020\/05\/Asset-1.png\",\"width\":150,\"height\":55,\"caption\":\"Steinmann\"},\"image\":{\"@id\":\"https:\/\/steinmannonline.com\/en\/en\/#\/schema\/logo\/image\/\"}}]}<\/script>\n<!-- \/ Yoast SEO plugin. -->","yoast_head_json":{"title":"Sredstvo za \u010di\u0161\u0107enje i regeneraciju ko\u017ee - Steinmann","robots":{"index":"index","follow":"follow","max-snippet":"max-snippet:-1","max-image-preview":"max-image-preview:large","max-video-preview":"max-video-preview:-1"},"canonical":"https:\/\/steinmannonline.com\/sr\/shop\/tepih-i-namestaj\/sredstvo-za-ciscenje-i-kondicioniranje-koze\/","og_locale":"sr_RS","og_type":"article","og_title":"Sredstvo za \u010di\u0161\u0107enje i regeneraciju ko\u017ee - Steinmann","og_description":"Otkrijte krajnje re\u0161enje za odr\u017eavanje vitalnosti i izgleda va\u0161ih stvari od ko\u017ee sa na\u0161im premium sredstvom za \u010di\u0161\u0107enje i regeneraciju ko\u017ee.  Ovaj proizvod efikasno uklanja prljav\u0161tinu i druge ne\u010disto\u0107e ostavljaju\u0107i proizode od ko\u017ee kao nove.  Daju\u0107i proizvodima od ko\u017ee nov i sve\u017e izgled ovo sredstvo je ne\u0161to \u0161to bi svako trebao da ima.  Sredstvo za \u010di\u0161\u0107enje i regeneraciju ko\u017ee za \u010di\u0161\u0107enje svih ko\u017enih sedi\u0161ta automobila kao i enterijera vozila sa ko\u017eom.  Do\u017eivite superiorne rezultate sa premium sredstvom za \u010di\u0161\u0107enje i regeneraciju ko\u017ee i produ\u017eite \u017eivotni vek i sve\u017einu va\u0161ih omiljenih stvari od ko\u017ee.  Sve \u0161to vam treba za negu ko\u017ee u jednoj boci.","og_url":"https:\/\/steinmannonline.com\/sr\/shop\/tepih-i-namestaj\/sredstvo-za-ciscenje-i-kondicioniranje-koze\/","og_site_name":"Steinmann","article_modified_time":"2023-02-15T11:14:43+00:00","og_image":[{"width":1024,"height":768,"url":"https:\/\/steinmannonline.com\/wp-content\/uploads\/2020\/06\/Leather-Cleaner-and-Conditioner.png","type":"image\/png"}],"twitter_card":"summary_large_image","twitter_misc":{"\u041f\u0440\u043e\u0446\u0435\u045a\u0435\u043d\u043e \u0432\u0440\u0435\u043c\u0435 \u0447\u0438\u0442\u0430\u045a\u0430":"1 \u043c\u0438\u043d\u0443\u0442"},"schema":{"@context":"https:\/\/schema.org","@graph":[{"@type":"WebPage","@id":"https:\/\/steinmannonline.com\/sr\/shop\/tepih-i-namestaj\/sredstvo-za-ciscenje-i-kondicioniranje-koze\/","url":"https:\/\/steinmannonline.com\/sr\/shop\/tepih-i-namestaj\/sredstvo-za-ciscenje-i-kondicioniranje-koze\/","name":"Sredstvo za \u010di\u0161\u0107enje i regeneraciju ko\u017ee - Steinmann","isPartOf":{"@id":"https:\/\/steinmannonline.com\/en\/en\/#website"},"datePublished":"2022-02-08T09:02:37+00:00","dateModified":"2023-02-15T11:14:43+00:00","breadcrumb":{"@id":"https:\/\/steinmannonline.com\/sr\/shop\/tepih-i-namestaj\/sredstvo-za-ciscenje-i-kondicioniranje-koze\/#breadcrumb"},"inLanguage":"sr-RS","potentialAction":[{"@type":"ReadAction","target":["https:\/\/steinmannonline.com\/sr\/shop\/tepih-i-namestaj\/sredstvo-za-ciscenje-i-kondicioniranje-koze\/"]}]},{"@type":"BreadcrumbList","@id":"https:\/\/steinmannonline.com\/sr\/shop\/tepih-i-namestaj\/sredstvo-za-ciscenje-i-kondicioniranje-koze\/#breadcrumb","itemListElement":[{"@type":"ListItem","position":1,"name":"Home","item":"https:\/\/steinmannonline.com\/sr\/"},{"@type":"ListItem","position":2,"name":"Shop","item":"https:\/\/steinmannonline.com\/en\/shop\/"},{"@type":"ListItem","position":3,"name":"Sredstvo za \u010di\u0161\u0107enje i regeneraciju ko\u017ee"}]},{"@type":"WebSite","@id":"https:\/\/steinmannonline.com\/en\/en\/#website","url":"https:\/\/steinmannonline.com\/en\/en\/","name":"Steinmann","description":"Cleaning Solutions","publisher":{"@id":"https:\/\/steinmannonline.com\/en\/en\/#organization"},"potentialAction":[{"@type":"SearchAction","target":{"@type":"EntryPoint","urlTemplate":"https:\/\/steinmannonline.com\/en\/en\/?s={search_term_string}"},"query-input":"required name=search_term_string"}],"inLanguage":"sr-RS"},{"@type":"Organization","@id":"https:\/\/steinmannonline.com\/en\/en\/#organization","name":"Steinmann","url":"https:\/\/steinmannonline.com\/en\/en\/","logo":{"@type":"ImageObject","inLanguage":"sr-RS","@id":"https:\/\/steinmannonline.com\/en\/en\/#\/schema\/logo\/image\/","url":"https:\/\/steinmannonline.com\/wp-content\/uploads\/2020\/05\/Asset-1.png","contentUrl":"https:\/\/steinmannonline.com\/wp-content\/uploads\/2020\/05\/Asset-1.png","width":150,"height":55,"caption":"Steinmann"},"image":{"@id":"https:\/\/steinmannonline.com\/en\/en\/#\/schema\/logo\/image\/"}}]}},"_links":{"self":[{"href":"https:\/\/steinmannonline.com\/sr\/wp-json\/wp\/v2\/product\/1049"}],"collection":[{"href":"https:\/\/steinmannonline.com\/sr\/wp-json\/wp\/v2\/product"}],"about":[{"href":"https:\/\/steinmannonline.com\/sr\/wp-json\/wp\/v2\/types\/product"}],"replies":[{"embeddable":true,"href":"https:\/\/steinmannonline.com\/sr\/wp-json\/wp\/v2\/comments?post=1049"}],"version-history":[{"count":5,"href":"https:\/\/steinmannonline.com\/sr\/wp-json\/wp\/v2\/product\/1049\/revisions"}],"predecessor-version":[{"id":1281,"href":"https:\/\/steinmannonline.com\/sr\/wp-json\/wp\/v2\/product\/1049\/revisions\/1281"}],"wp:featuredmedia":[{"embeddable":true,"href":"https:\/\/steinmannonline.com\/sr\/wp-json\/wp\/v2\/media\/791"}],"wp:attachment":[{"href":"https:\/\/steinmannonline.com\/sr\/wp-json\/wp\/v2\/media?parent=1049"}],"wp:term":[{"taxonomy":"product_cat","embeddable":true,"href":"https:\/\/steinmannonline.com\/sr\/wp-json\/wp\/v2\/product_cat?post=1049"},{"taxonomy":"product_tag","embeddable":true,"href":"https:\/\/steinmannonline.com\/sr\/wp-json\/wp\/v2\/product_tag?post=1049"}],"curies":[{"name":"wp","href":"https:\/\/api.w.org\/{rel}","templated":true}]}}