{"id":836,"date":"2020-06-13T15:45:05","date_gmt":"2020-08-18T17:09:41","guid":{"rendered":"https:\/\/steinmannonline.com\/shop\/fara-categorie\/faza-3-neutralizator-miros-covor\/"},"modified":"2020-08-18T17:09:41","modified_gmt":"2020-08-18T17:09:41","slug":"covor-miros-neutralizator-faza-3","status":"publish","type":"product","link":"https:\/\/steinmannonline.com\/ro\/shop\/mocheta-si-mobilier\/covor-miros-neutralizator-faza-3\/","title":{"rendered":"Faza 3 &#8211; Neutralizator miros covor"},"content":{"rendered":"<p>Carpet Odor Neutralizator de la Steinmann, ucide mirosurile care determin\u0103 bacteriile, ciupercile \u0219i mucegaiurile s\u0103 elimine complet mirosurile. Las\u0103 \u00een urm\u0103 parfum persistent, proasp\u0103t, curat. Eficace \u00eempotriva mirosurilor, ar fi de\u0219eurile umane \u0219i animale, alimentele, procesele industriale \u0219i fumul.<br \/>\nDisponibil \u00een concentrat de 5 litri \u0219i \u00een 500 ml gata de utilizare.<\/p>\n","protected":false},"excerpt":{"rendered":"<p>Ucide mirosurile care determin\u0103 bacteriile, ciupercile \u0219i mucegaiurile s\u0103 elimine complet mirosurile.<\/p>\n<p>Las\u0103 \u00een urm\u0103 un parfum proasp\u0103t \u0219i curat persistent. Eficace \u00eempotriva mirosurilor, ar fi de\u0219eurile umane \u0219i animale, alimentele, procesele industriale \u0219i fumul.<\/p>\n<p>Utilizarea pe covoare \u0219i tapi\u021berie, \u00een zonele de toalet\u0103, casa de animale, zonele de depozitare a de\u0219eurilor \u0219i sare \u0219i oriunde mirosurile persist\u0103.<\/p>\n<p>Se poate pulveriza, se poate aplica sub form\u0103 de lichid la o dilu\u021bie de p\u00e2n\u0103 la 100:1.<br \/>\nDisponibil at\u00e2t \u00eentr-un concentrat, c\u00e2t \u0219i \u00eentr-o versiune gata de utilizare.<\/p>\n","protected":false},"featured_media":792,"comment_status":"open","ping_status":"closed","template":"","meta":{"nf_dc_page":""},"product_cat":[50],"product_tag":[58],"yoast_head":"<!-- This site is optimized with the Yoast SEO plugin v20.1 - https:\/\/yoast.com\/wordpress\/plugins\/seo\/ -->\n<title>Faza 3 - Neutralizator miros covor - Steinmann<\/title>\n<meta name=\"robots\" content=\"index, follow, max-snippet:-1, max-image-preview:large, max-video-preview:-1\" \/>\n<link rel=\"canonical\" href=\"https:\/\/steinmannonline.com\/ro\/shop\/mocheta-si-mobilier\/covor-miros-neutralizator-faza-3\/\" \/>\n<meta property=\"og:locale\" content=\"ro_RO\" \/>\n<meta property=\"og:type\" content=\"article\" \/>\n<meta property=\"og:title\" content=\"Faza 3 - Neutralizator miros covor - Steinmann\" \/>\n<meta property=\"og:description\" content=\"Ucide mirosurile care determin\u0103 bacteriile, ciupercile \u0219i mucegaiurile s\u0103 elimine complet mirosurile. Las\u0103 \u00een urm\u0103 un parfum proasp\u0103t \u0219i curat persistent. Eficace \u00eempotriva mirosurilor, ar fi de\u0219eurile umane \u0219i animale, alimentele, procesele industriale \u0219i fumul. Utilizarea pe covoare \u0219i tapi\u021berie, \u00een zonele de toalet\u0103, casa de animale, zonele de depozitare a de\u0219eurilor \u0219i sare \u0219i oriunde mirosurile persist\u0103. Se poate pulveriza, se poate aplica sub form\u0103 de lichid la o dilu\u021bie de p\u00e2n\u0103 la 100:1. Disponibil at\u00e2t \u00eentr-un concentrat, c\u00e2t \u0219i \u00eentr-o versiune gata de utilizare.\" \/>\n<meta property=\"og:url\" content=\"https:\/\/steinmannonline.com\/ro\/shop\/mocheta-si-mobilier\/covor-miros-neutralizator-faza-3\/\" \/>\n<meta property=\"og:site_name\" content=\"Steinmann\" \/>\n<meta property=\"og:image\" content=\"https:\/\/steinmannonline.com\/wp-content\/uploads\/2020\/06\/Phase-3-1.png\" \/>\n\t<meta property=\"og:image:width\" content=\"1024\" \/>\n\t<meta property=\"og:image:height\" content=\"768\" \/>\n\t<meta property=\"og:image:type\" content=\"image\/png\" \/>\n<meta name=\"twitter:card\" content=\"summary_large_image\" \/>\n<script type=\"application\/ld+json\" class=\"yoast-schema-graph\">{\"@context\":\"https:\/\/schema.org\",\"@graph\":[{\"@type\":\"WebPage\",\"@id\":\"https:\/\/steinmannonline.com\/ro\/shop\/mocheta-si-mobilier\/covor-miros-neutralizator-faza-3\/\",\"url\":\"https:\/\/steinmannonline.com\/ro\/shop\/mocheta-si-mobilier\/covor-miros-neutralizator-faza-3\/\",\"name\":\"Faza 3 - Neutralizator miros covor - Steinmann\",\"isPartOf\":{\"@id\":\"https:\/\/steinmannonline.com\/en\/en\/#website\"},\"datePublished\":\"2020-08-18T17:09:41+00:00\",\"dateModified\":\"2020-08-18T17:09:41+00:00\",\"breadcrumb\":{\"@id\":\"https:\/\/steinmannonline.com\/ro\/shop\/mocheta-si-mobilier\/covor-miros-neutralizator-faza-3\/#breadcrumb\"},\"inLanguage\":\"ro-RO\",\"potentialAction\":[{\"@type\":\"ReadAction\",\"target\":[\"https:\/\/steinmannonline.com\/ro\/shop\/mocheta-si-mobilier\/covor-miros-neutralizator-faza-3\/\"]}]},{\"@type\":\"BreadcrumbList\",\"@id\":\"https:\/\/steinmannonline.com\/ro\/shop\/mocheta-si-mobilier\/covor-miros-neutralizator-faza-3\/#breadcrumb\",\"itemListElement\":[{\"@type\":\"ListItem\",\"position\":1,\"name\":\"Home\",\"item\":\"https:\/\/steinmannonline.com\/ro\/\"},{\"@type\":\"ListItem\",\"position\":2,\"name\":\"Shop\",\"item\":\"https:\/\/steinmannonline.com\/en\/shop\/\"},{\"@type\":\"ListItem\",\"position\":3,\"name\":\"Faza 3 &#8211; Neutralizator miros covor\"}]},{\"@type\":\"WebSite\",\"@id\":\"https:\/\/steinmannonline.com\/en\/en\/#website\",\"url\":\"https:\/\/steinmannonline.com\/en\/en\/\",\"name\":\"Steinmann\",\"description\":\"Cleaning Solutions\",\"publisher\":{\"@id\":\"https:\/\/steinmannonline.com\/en\/en\/#organization\"},\"potentialAction\":[{\"@type\":\"SearchAction\",\"target\":{\"@type\":\"EntryPoint\",\"urlTemplate\":\"https:\/\/steinmannonline.com\/en\/en\/?s={search_term_string}\"},\"query-input\":\"required name=search_term_string\"}],\"inLanguage\":\"ro-RO\"},{\"@type\":\"Organization\",\"@id\":\"https:\/\/steinmannonline.com\/en\/en\/#organization\",\"name\":\"Steinmann\",\"url\":\"https:\/\/steinmannonline.com\/en\/en\/\",\"logo\":{\"@type\":\"ImageObject\",\"inLanguage\":\"ro-RO\",\"@id\":\"https:\/\/steinmannonline.com\/en\/en\/#\/schema\/logo\/image\/\",\"url\":\"https:\/\/steinmannonline.com\/wp-content\/uploads\/2020\/05\/Asset-1.png\",\"contentUrl\":\"https:\/\/steinmannonline.com\/wp-content\/uploads\/2020\/05\/Asset-1.png\",\"width\":150,\"height\":55,\"caption\":\"Steinmann\"},\"image\":{\"@id\":\"https:\/\/steinmannonline.com\/en\/en\/#\/schema\/logo\/image\/\"}}]}<\/script>\n<!-- \/ Yoast SEO plugin. -->","yoast_head_json":{"title":"Faza 3 - Neutralizator miros covor - Steinmann","robots":{"index":"index","follow":"follow","max-snippet":"max-snippet:-1","max-image-preview":"max-image-preview:large","max-video-preview":"max-video-preview:-1"},"canonical":"https:\/\/steinmannonline.com\/ro\/shop\/mocheta-si-mobilier\/covor-miros-neutralizator-faza-3\/","og_locale":"ro_RO","og_type":"article","og_title":"Faza 3 - Neutralizator miros covor - Steinmann","og_description":"Ucide mirosurile care determin\u0103 bacteriile, ciupercile \u0219i mucegaiurile s\u0103 elimine complet mirosurile. Las\u0103 \u00een urm\u0103 un parfum proasp\u0103t \u0219i curat persistent. Eficace \u00eempotriva mirosurilor, ar fi de\u0219eurile umane \u0219i animale, alimentele, procesele industriale \u0219i fumul. Utilizarea pe covoare \u0219i tapi\u021berie, \u00een zonele de toalet\u0103, casa de animale, zonele de depozitare a de\u0219eurilor \u0219i sare \u0219i oriunde mirosurile persist\u0103. Se poate pulveriza, se poate aplica sub form\u0103 de lichid la o dilu\u021bie de p\u00e2n\u0103 la 100:1. Disponibil at\u00e2t \u00eentr-un concentrat, c\u00e2t \u0219i \u00eentr-o versiune gata de utilizare.","og_url":"https:\/\/steinmannonline.com\/ro\/shop\/mocheta-si-mobilier\/covor-miros-neutralizator-faza-3\/","og_site_name":"Steinmann","og_image":[{"width":1024,"height":768,"url":"https:\/\/steinmannonline.com\/wp-content\/uploads\/2020\/06\/Phase-3-1.png","type":"image\/png"}],"twitter_card":"summary_large_image","schema":{"@context":"https:\/\/schema.org","@graph":[{"@type":"WebPage","@id":"https:\/\/steinmannonline.com\/ro\/shop\/mocheta-si-mobilier\/covor-miros-neutralizator-faza-3\/","url":"https:\/\/steinmannonline.com\/ro\/shop\/mocheta-si-mobilier\/covor-miros-neutralizator-faza-3\/","name":"Faza 3 - Neutralizator miros covor - Steinmann","isPartOf":{"@id":"https:\/\/steinmannonline.com\/en\/en\/#website"},"datePublished":"2020-08-18T17:09:41+00:00","dateModified":"2020-08-18T17:09:41+00:00","breadcrumb":{"@id":"https:\/\/steinmannonline.com\/ro\/shop\/mocheta-si-mobilier\/covor-miros-neutralizator-faza-3\/#breadcrumb"},"inLanguage":"ro-RO","potentialAction":[{"@type":"ReadAction","target":["https:\/\/steinmannonline.com\/ro\/shop\/mocheta-si-mobilier\/covor-miros-neutralizator-faza-3\/"]}]},{"@type":"BreadcrumbList","@id":"https:\/\/steinmannonline.com\/ro\/shop\/mocheta-si-mobilier\/covor-miros-neutralizator-faza-3\/#breadcrumb","itemListElement":[{"@type":"ListItem","position":1,"name":"Home","item":"https:\/\/steinmannonline.com\/ro\/"},{"@type":"ListItem","position":2,"name":"Shop","item":"https:\/\/steinmannonline.com\/en\/shop\/"},{"@type":"ListItem","position":3,"name":"Faza 3 &#8211; Neutralizator miros covor"}]},{"@type":"WebSite","@id":"https:\/\/steinmannonline.com\/en\/en\/#website","url":"https:\/\/steinmannonline.com\/en\/en\/","name":"Steinmann","description":"Cleaning Solutions","publisher":{"@id":"https:\/\/steinmannonline.com\/en\/en\/#organization"},"potentialAction":[{"@type":"SearchAction","target":{"@type":"EntryPoint","urlTemplate":"https:\/\/steinmannonline.com\/en\/en\/?s={search_term_string}"},"query-input":"required name=search_term_string"}],"inLanguage":"ro-RO"},{"@type":"Organization","@id":"https:\/\/steinmannonline.com\/en\/en\/#organization","name":"Steinmann","url":"https:\/\/steinmannonline.com\/en\/en\/","logo":{"@type":"ImageObject","inLanguage":"ro-RO","@id":"https:\/\/steinmannonline.com\/en\/en\/#\/schema\/logo\/image\/","url":"https:\/\/steinmannonline.com\/wp-content\/uploads\/2020\/05\/Asset-1.png","contentUrl":"https:\/\/steinmannonline.com\/wp-content\/uploads\/2020\/05\/Asset-1.png","width":150,"height":55,"caption":"Steinmann"},"image":{"@id":"https:\/\/steinmannonline.com\/en\/en\/#\/schema\/logo\/image\/"}}]}},"_links":{"self":[{"href":"https:\/\/steinmannonline.com\/ro\/wp-json\/wp\/v2\/product\/836"}],"collection":[{"href":"https:\/\/steinmannonline.com\/ro\/wp-json\/wp\/v2\/product"}],"about":[{"href":"https:\/\/steinmannonline.com\/ro\/wp-json\/wp\/v2\/types\/product"}],"replies":[{"embeddable":true,"href":"https:\/\/steinmannonline.com\/ro\/wp-json\/wp\/v2\/comments?post=836"}],"version-history":[{"count":0,"href":"https:\/\/steinmannonline.com\/ro\/wp-json\/wp\/v2\/product\/836\/revisions"}],"wp:featuredmedia":[{"embeddable":true,"href":"https:\/\/steinmannonline.com\/ro\/wp-json\/wp\/v2\/media\/792"}],"wp:attachment":[{"href":"https:\/\/steinmannonline.com\/ro\/wp-json\/wp\/v2\/media?parent=836"}],"wp:term":[{"taxonomy":"product_cat","embeddable":true,"href":"https:\/\/steinmannonline.com\/ro\/wp-json\/wp\/v2\/product_cat?post=836"},{"taxonomy":"product_tag","embeddable":true,"href":"https:\/\/steinmannonline.com\/ro\/wp-json\/wp\/v2\/product_tag?post=836"}],"curies":[{"name":"wp","href":"https:\/\/api.w.org\/{rel}","templated":true}]}}