{"id":835,"date":"2020-06-18T12:43:59","date_gmt":"2020-08-18T17:08:01","guid":{"rendered":"https:\/\/steinmannonline.com\/shop\/fara-categorie\/sc551-sampon-de-curatare-a-covoarelor\/"},"modified":"2020-08-18T17:08:01","modified_gmt":"2020-08-18T17:08:01","slug":"super-concentrat-covor-curatare-sampon-sc551","status":"publish","type":"product","link":"https:\/\/steinmannonline.com\/ro\/shop\/mocheta-si-mobilier\/super-concentrat-covor-curatare-sampon-sc551\/","title":{"rendered":"SC551 &#8211; \u0218ampon de cur\u0103\u021bare a covoarelor"},"content":{"rendered":"<p>Super concentrat polimer pe baz\u0103 de covor curat potrivit pentru toate extrac\u021bia spray, spotting, pre-pulverizare \u0219i aplica\u021bii de cur\u0103\u021bare banda de trafic. Nici un reziduu lipicios pentru a re-sol rapid.<\/p>\n","protected":false},"excerpt":{"rendered":"<p>Super concentrat polimer pe baz\u0103 de covor de cur\u0103\u021bare sampon curat, de asemenea, potrivite pentru tapi\u021berie este o extrac\u021bie toate spray, spotting, pre-pulverizare \u0219i aplicarea de cur\u0103\u021bare banda de trafic.<\/p>\n<p>Nici un reziduu lipicios pentru a re-sol rapid. Utilizeaz\u0103 tehnologia de \u00eencapsulare polimer care apuc\u0103 \u0219i \u021bine pe murd\u0103rie a face extrac\u021bia rapid\u0103 \u0219i u\u0219oar\u0103. Solu\u021bia rezidual\u0103 se usuc\u0103 \u00een particule fragile, care pot fi pur \u0219i simplu hoovered departe. Ajut\u0103 la prevenirea re murd\u0103ririi.<\/p>\n<p>Acest \u0219ampon de covor \u0219i mobilier func\u021bioneaz\u0103 cu toate ma\u0219inile de extrac\u021bie spray.<\/p>\n<p>Se dilueaz\u0103 p\u00e2n\u0103 la 400:1 \u00een func\u021bie de aplicare \u0219i de gradul de murd\u0103rire.<\/p>\n","protected":false},"featured_media":784,"comment_status":"open","ping_status":"closed","template":"","meta":{"nf_dc_page":""},"product_cat":[50],"product_tag":[58,81],"yoast_head":"<!-- This site is optimized with the Yoast SEO plugin v20.1 - https:\/\/yoast.com\/wordpress\/plugins\/seo\/ -->\n<title>SC551 - \u0218ampon de cur\u0103\u021bare a covoarelor - Steinmann<\/title>\n<meta name=\"robots\" content=\"index, follow, max-snippet:-1, max-image-preview:large, max-video-preview:-1\" \/>\n<link rel=\"canonical\" href=\"https:\/\/steinmannonline.com\/ro\/shop\/mocheta-si-mobilier\/super-concentrat-covor-curatare-sampon-sc551\/\" \/>\n<meta property=\"og:locale\" content=\"ro_RO\" \/>\n<meta property=\"og:type\" content=\"article\" \/>\n<meta property=\"og:title\" content=\"SC551 - \u0218ampon de cur\u0103\u021bare a covoarelor - Steinmann\" \/>\n<meta property=\"og:description\" content=\"Super concentrat polimer pe baz\u0103 de covor de cur\u0103\u021bare sampon curat, de asemenea, potrivite pentru tapi\u021berie este o extrac\u021bie toate spray, spotting, pre-pulverizare \u0219i aplicarea de cur\u0103\u021bare banda de trafic. Nici un reziduu lipicios pentru a re-sol rapid. Utilizeaz\u0103 tehnologia de \u00eencapsulare polimer care apuc\u0103 \u0219i \u021bine pe murd\u0103rie a face extrac\u021bia rapid\u0103 \u0219i u\u0219oar\u0103. Solu\u021bia rezidual\u0103 se usuc\u0103 \u00een particule fragile, care pot fi pur \u0219i simplu hoovered departe. Ajut\u0103 la prevenirea re murd\u0103ririi. Acest \u0219ampon de covor \u0219i mobilier func\u021bioneaz\u0103 cu toate ma\u0219inile de extrac\u021bie spray. Se dilueaz\u0103 p\u00e2n\u0103 la 400:1 \u00een func\u021bie de aplicare \u0219i de gradul de murd\u0103rire.\" \/>\n<meta property=\"og:url\" content=\"https:\/\/steinmannonline.com\/ro\/shop\/mocheta-si-mobilier\/super-concentrat-covor-curatare-sampon-sc551\/\" \/>\n<meta property=\"og:site_name\" content=\"Steinmann\" \/>\n<meta property=\"og:image\" content=\"https:\/\/steinmannonline.com\/wp-content\/uploads\/2020\/06\/SC551-1-l.png\" \/>\n\t<meta property=\"og:image:width\" content=\"1024\" \/>\n\t<meta property=\"og:image:height\" content=\"768\" \/>\n\t<meta property=\"og:image:type\" content=\"image\/png\" \/>\n<meta name=\"twitter:card\" content=\"summary_large_image\" \/>\n<script type=\"application\/ld+json\" class=\"yoast-schema-graph\">{\"@context\":\"https:\/\/schema.org\",\"@graph\":[{\"@type\":\"WebPage\",\"@id\":\"https:\/\/steinmannonline.com\/ro\/shop\/mocheta-si-mobilier\/super-concentrat-covor-curatare-sampon-sc551\/\",\"url\":\"https:\/\/steinmannonline.com\/ro\/shop\/mocheta-si-mobilier\/super-concentrat-covor-curatare-sampon-sc551\/\",\"name\":\"SC551 - \u0218ampon de cur\u0103\u021bare a covoarelor - Steinmann\",\"isPartOf\":{\"@id\":\"https:\/\/steinmannonline.com\/en\/en\/#website\"},\"datePublished\":\"2020-08-18T17:08:01+00:00\",\"dateModified\":\"2020-08-18T17:08:01+00:00\",\"breadcrumb\":{\"@id\":\"https:\/\/steinmannonline.com\/ro\/shop\/mocheta-si-mobilier\/super-concentrat-covor-curatare-sampon-sc551\/#breadcrumb\"},\"inLanguage\":\"ro-RO\",\"potentialAction\":[{\"@type\":\"ReadAction\",\"target\":[\"https:\/\/steinmannonline.com\/ro\/shop\/mocheta-si-mobilier\/super-concentrat-covor-curatare-sampon-sc551\/\"]}]},{\"@type\":\"BreadcrumbList\",\"@id\":\"https:\/\/steinmannonline.com\/ro\/shop\/mocheta-si-mobilier\/super-concentrat-covor-curatare-sampon-sc551\/#breadcrumb\",\"itemListElement\":[{\"@type\":\"ListItem\",\"position\":1,\"name\":\"Home\",\"item\":\"https:\/\/steinmannonline.com\/ro\/\"},{\"@type\":\"ListItem\",\"position\":2,\"name\":\"Shop\",\"item\":\"https:\/\/steinmannonline.com\/en\/shop\/\"},{\"@type\":\"ListItem\",\"position\":3,\"name\":\"SC551 &#8211; \u0218ampon de cur\u0103\u021bare a covoarelor\"}]},{\"@type\":\"WebSite\",\"@id\":\"https:\/\/steinmannonline.com\/en\/en\/#website\",\"url\":\"https:\/\/steinmannonline.com\/en\/en\/\",\"name\":\"Steinmann\",\"description\":\"Cleaning Solutions\",\"publisher\":{\"@id\":\"https:\/\/steinmannonline.com\/en\/en\/#organization\"},\"potentialAction\":[{\"@type\":\"SearchAction\",\"target\":{\"@type\":\"EntryPoint\",\"urlTemplate\":\"https:\/\/steinmannonline.com\/en\/en\/?s={search_term_string}\"},\"query-input\":\"required name=search_term_string\"}],\"inLanguage\":\"ro-RO\"},{\"@type\":\"Organization\",\"@id\":\"https:\/\/steinmannonline.com\/en\/en\/#organization\",\"name\":\"Steinmann\",\"url\":\"https:\/\/steinmannonline.com\/en\/en\/\",\"logo\":{\"@type\":\"ImageObject\",\"inLanguage\":\"ro-RO\",\"@id\":\"https:\/\/steinmannonline.com\/en\/en\/#\/schema\/logo\/image\/\",\"url\":\"https:\/\/steinmannonline.com\/wp-content\/uploads\/2020\/05\/Asset-1.png\",\"contentUrl\":\"https:\/\/steinmannonline.com\/wp-content\/uploads\/2020\/05\/Asset-1.png\",\"width\":150,\"height\":55,\"caption\":\"Steinmann\"},\"image\":{\"@id\":\"https:\/\/steinmannonline.com\/en\/en\/#\/schema\/logo\/image\/\"}}]}<\/script>\n<!-- \/ Yoast SEO plugin. -->","yoast_head_json":{"title":"SC551 - \u0218ampon de cur\u0103\u021bare a covoarelor - Steinmann","robots":{"index":"index","follow":"follow","max-snippet":"max-snippet:-1","max-image-preview":"max-image-preview:large","max-video-preview":"max-video-preview:-1"},"canonical":"https:\/\/steinmannonline.com\/ro\/shop\/mocheta-si-mobilier\/super-concentrat-covor-curatare-sampon-sc551\/","og_locale":"ro_RO","og_type":"article","og_title":"SC551 - \u0218ampon de cur\u0103\u021bare a covoarelor - Steinmann","og_description":"Super concentrat polimer pe baz\u0103 de covor de cur\u0103\u021bare sampon curat, de asemenea, potrivite pentru tapi\u021berie este o extrac\u021bie toate spray, spotting, pre-pulverizare \u0219i aplicarea de cur\u0103\u021bare banda de trafic. Nici un reziduu lipicios pentru a re-sol rapid. Utilizeaz\u0103 tehnologia de \u00eencapsulare polimer care apuc\u0103 \u0219i \u021bine pe murd\u0103rie a face extrac\u021bia rapid\u0103 \u0219i u\u0219oar\u0103. Solu\u021bia rezidual\u0103 se usuc\u0103 \u00een particule fragile, care pot fi pur \u0219i simplu hoovered departe. Ajut\u0103 la prevenirea re murd\u0103ririi. Acest \u0219ampon de covor \u0219i mobilier func\u021bioneaz\u0103 cu toate ma\u0219inile de extrac\u021bie spray. Se dilueaz\u0103 p\u00e2n\u0103 la 400:1 \u00een func\u021bie de aplicare \u0219i de gradul de murd\u0103rire.","og_url":"https:\/\/steinmannonline.com\/ro\/shop\/mocheta-si-mobilier\/super-concentrat-covor-curatare-sampon-sc551\/","og_site_name":"Steinmann","og_image":[{"width":1024,"height":768,"url":"https:\/\/steinmannonline.com\/wp-content\/uploads\/2020\/06\/SC551-1-l.png","type":"image\/png"}],"twitter_card":"summary_large_image","schema":{"@context":"https:\/\/schema.org","@graph":[{"@type":"WebPage","@id":"https:\/\/steinmannonline.com\/ro\/shop\/mocheta-si-mobilier\/super-concentrat-covor-curatare-sampon-sc551\/","url":"https:\/\/steinmannonline.com\/ro\/shop\/mocheta-si-mobilier\/super-concentrat-covor-curatare-sampon-sc551\/","name":"SC551 - \u0218ampon de cur\u0103\u021bare a covoarelor - Steinmann","isPartOf":{"@id":"https:\/\/steinmannonline.com\/en\/en\/#website"},"datePublished":"2020-08-18T17:08:01+00:00","dateModified":"2020-08-18T17:08:01+00:00","breadcrumb":{"@id":"https:\/\/steinmannonline.com\/ro\/shop\/mocheta-si-mobilier\/super-concentrat-covor-curatare-sampon-sc551\/#breadcrumb"},"inLanguage":"ro-RO","potentialAction":[{"@type":"ReadAction","target":["https:\/\/steinmannonline.com\/ro\/shop\/mocheta-si-mobilier\/super-concentrat-covor-curatare-sampon-sc551\/"]}]},{"@type":"BreadcrumbList","@id":"https:\/\/steinmannonline.com\/ro\/shop\/mocheta-si-mobilier\/super-concentrat-covor-curatare-sampon-sc551\/#breadcrumb","itemListElement":[{"@type":"ListItem","position":1,"name":"Home","item":"https:\/\/steinmannonline.com\/ro\/"},{"@type":"ListItem","position":2,"name":"Shop","item":"https:\/\/steinmannonline.com\/en\/shop\/"},{"@type":"ListItem","position":3,"name":"SC551 &#8211; \u0218ampon de cur\u0103\u021bare a covoarelor"}]},{"@type":"WebSite","@id":"https:\/\/steinmannonline.com\/en\/en\/#website","url":"https:\/\/steinmannonline.com\/en\/en\/","name":"Steinmann","description":"Cleaning Solutions","publisher":{"@id":"https:\/\/steinmannonline.com\/en\/en\/#organization"},"potentialAction":[{"@type":"SearchAction","target":{"@type":"EntryPoint","urlTemplate":"https:\/\/steinmannonline.com\/en\/en\/?s={search_term_string}"},"query-input":"required name=search_term_string"}],"inLanguage":"ro-RO"},{"@type":"Organization","@id":"https:\/\/steinmannonline.com\/en\/en\/#organization","name":"Steinmann","url":"https:\/\/steinmannonline.com\/en\/en\/","logo":{"@type":"ImageObject","inLanguage":"ro-RO","@id":"https:\/\/steinmannonline.com\/en\/en\/#\/schema\/logo\/image\/","url":"https:\/\/steinmannonline.com\/wp-content\/uploads\/2020\/05\/Asset-1.png","contentUrl":"https:\/\/steinmannonline.com\/wp-content\/uploads\/2020\/05\/Asset-1.png","width":150,"height":55,"caption":"Steinmann"},"image":{"@id":"https:\/\/steinmannonline.com\/en\/en\/#\/schema\/logo\/image\/"}}]}},"_links":{"self":[{"href":"https:\/\/steinmannonline.com\/ro\/wp-json\/wp\/v2\/product\/835"}],"collection":[{"href":"https:\/\/steinmannonline.com\/ro\/wp-json\/wp\/v2\/product"}],"about":[{"href":"https:\/\/steinmannonline.com\/ro\/wp-json\/wp\/v2\/types\/product"}],"replies":[{"embeddable":true,"href":"https:\/\/steinmannonline.com\/ro\/wp-json\/wp\/v2\/comments?post=835"}],"version-history":[{"count":0,"href":"https:\/\/steinmannonline.com\/ro\/wp-json\/wp\/v2\/product\/835\/revisions"}],"wp:featuredmedia":[{"embeddable":true,"href":"https:\/\/steinmannonline.com\/ro\/wp-json\/wp\/v2\/media\/784"}],"wp:attachment":[{"href":"https:\/\/steinmannonline.com\/ro\/wp-json\/wp\/v2\/media?parent=835"}],"wp:term":[{"taxonomy":"product_cat","embeddable":true,"href":"https:\/\/steinmannonline.com\/ro\/wp-json\/wp\/v2\/product_cat?post=835"},{"taxonomy":"product_tag","embeddable":true,"href":"https:\/\/steinmannonline.com\/ro\/wp-json\/wp\/v2\/product_tag?post=835"}],"curies":[{"name":"wp","href":"https:\/\/api.w.org\/{rel}","templated":true}]}}