{"id":834,"date":"2020-06-18T12:33:19","date_gmt":"2020-08-18T17:07:07","guid":{"rendered":"https:\/\/steinmannonline.com\/shop\/fara-categorie\/curatator-si-balsam-din-piele\/"},"modified":"2020-08-18T17:07:07","modified_gmt":"2020-08-18T17:07:07","slug":"piele-curat-si-balsam","status":"publish","type":"product","link":"https:\/\/steinmannonline.com\/ro\/shop\/mocheta-si-mobilier\/piele-curat-si-balsam\/","title":{"rendered":"Cur\u0103\u021b\u0103tor \u0219i balsam din piele"},"content":{"rendered":"<p>Piele cleaner \u0219i balsam pentru cur\u0103\u021barea toate tapi\u021berie din piele, precum \u0219i canapele, jachete, gen\u021bi de m\u00e2n\u0103 \u0219i pantofi.<\/p>\n","protected":false},"excerpt":{"rendered":"<p>Piele Cleaner &amp; Conditioner pentru cur\u0103\u021barea tuturor tapi\u021berie din piele, inclusiv piele scaun auto \u0219i vehicule cu piele de interior.<\/p>\n<p>De asemenea, pentru utilizare pe jachete, gen\u021bi de m\u00e2n\u0103, canapele \u0219i bagaje din piele. Un kit complet de \u00eengrijire din piele \u00eentr-o singur\u0103 sticl\u0103.<\/p>\n<h3>U\u0219or de utilizat<\/h3>\n<p>Aplica\u021bi piele cleaner \u0219i balsam pentru a cur\u0103\u021ba c\u00e2rp\u0103 \u0219i pur \u0219i simplu \u0219terge\u021bi.<\/p>\n<p>Toate urmele de murd\u0103rie vor fi \u00eendep\u0103rtate cu u\u0219urin\u021b\u0103, iar pielea pre\u021bioas\u0103 va fi l\u0103sat\u0103 curat\u0103 \u0219i supl\u0103, cu cea dorit\u0103 pentru o nou\u0103 senza\u021bie de piele.<\/p>\n","protected":false},"featured_media":790,"comment_status":"open","ping_status":"closed","template":"","meta":{"nf_dc_page":""},"product_cat":[50],"product_tag":[82],"yoast_head":"<!-- This site is optimized with the Yoast SEO plugin v20.1 - https:\/\/yoast.com\/wordpress\/plugins\/seo\/ -->\n<title>Cur\u0103\u021b\u0103tor \u0219i balsam din piele - Steinmann<\/title>\n<meta name=\"robots\" content=\"index, follow, max-snippet:-1, max-image-preview:large, max-video-preview:-1\" \/>\n<link rel=\"canonical\" href=\"https:\/\/steinmannonline.com\/ro\/shop\/mocheta-si-mobilier\/piele-curat-si-balsam\/\" \/>\n<meta property=\"og:locale\" content=\"ro_RO\" \/>\n<meta property=\"og:type\" content=\"article\" \/>\n<meta property=\"og:title\" content=\"Cur\u0103\u021b\u0103tor \u0219i balsam din piele - Steinmann\" \/>\n<meta property=\"og:description\" content=\"Piele Cleaner &amp; Conditioner pentru cur\u0103\u021barea tuturor tapi\u021berie din piele, inclusiv piele scaun auto \u0219i vehicule cu piele de interior. De asemenea, pentru utilizare pe jachete, gen\u021bi de m\u00e2n\u0103, canapele \u0219i bagaje din piele. Un kit complet de \u00eengrijire din piele \u00eentr-o singur\u0103 sticl\u0103. U\u0219or de utilizat Aplica\u021bi piele cleaner \u0219i balsam pentru a cur\u0103\u021ba c\u00e2rp\u0103 \u0219i pur \u0219i simplu \u0219terge\u021bi. Toate urmele de murd\u0103rie vor fi \u00eendep\u0103rtate cu u\u0219urin\u021b\u0103, iar pielea pre\u021bioas\u0103 va fi l\u0103sat\u0103 curat\u0103 \u0219i supl\u0103, cu cea dorit\u0103 pentru o nou\u0103 senza\u021bie de piele.\" \/>\n<meta property=\"og:url\" content=\"https:\/\/steinmannonline.com\/ro\/shop\/mocheta-si-mobilier\/piele-curat-si-balsam\/\" \/>\n<meta property=\"og:site_name\" content=\"Steinmann\" \/>\n<meta property=\"og:image\" content=\"https:\/\/steinmannonline.com\/wp-content\/uploads\/2020\/06\/Leather-Cleaner-and-Conditioner.png\" \/>\n\t<meta property=\"og:image:width\" content=\"1024\" \/>\n\t<meta property=\"og:image:height\" content=\"768\" \/>\n\t<meta property=\"og:image:type\" content=\"image\/png\" \/>\n<meta name=\"twitter:card\" content=\"summary_large_image\" \/>\n<script type=\"application\/ld+json\" class=\"yoast-schema-graph\">{\"@context\":\"https:\/\/schema.org\",\"@graph\":[{\"@type\":\"WebPage\",\"@id\":\"https:\/\/steinmannonline.com\/ro\/shop\/mocheta-si-mobilier\/piele-curat-si-balsam\/\",\"url\":\"https:\/\/steinmannonline.com\/ro\/shop\/mocheta-si-mobilier\/piele-curat-si-balsam\/\",\"name\":\"Cur\u0103\u021b\u0103tor \u0219i balsam din piele - Steinmann\",\"isPartOf\":{\"@id\":\"https:\/\/steinmannonline.com\/en\/en\/#website\"},\"datePublished\":\"2020-08-18T17:07:07+00:00\",\"dateModified\":\"2020-08-18T17:07:07+00:00\",\"breadcrumb\":{\"@id\":\"https:\/\/steinmannonline.com\/ro\/shop\/mocheta-si-mobilier\/piele-curat-si-balsam\/#breadcrumb\"},\"inLanguage\":\"ro-RO\",\"potentialAction\":[{\"@type\":\"ReadAction\",\"target\":[\"https:\/\/steinmannonline.com\/ro\/shop\/mocheta-si-mobilier\/piele-curat-si-balsam\/\"]}]},{\"@type\":\"BreadcrumbList\",\"@id\":\"https:\/\/steinmannonline.com\/ro\/shop\/mocheta-si-mobilier\/piele-curat-si-balsam\/#breadcrumb\",\"itemListElement\":[{\"@type\":\"ListItem\",\"position\":1,\"name\":\"Home\",\"item\":\"https:\/\/steinmannonline.com\/ro\/\"},{\"@type\":\"ListItem\",\"position\":2,\"name\":\"Shop\",\"item\":\"https:\/\/steinmannonline.com\/en\/shop\/\"},{\"@type\":\"ListItem\",\"position\":3,\"name\":\"Cur\u0103\u021b\u0103tor \u0219i balsam din piele\"}]},{\"@type\":\"WebSite\",\"@id\":\"https:\/\/steinmannonline.com\/en\/en\/#website\",\"url\":\"https:\/\/steinmannonline.com\/en\/en\/\",\"name\":\"Steinmann\",\"description\":\"Cleaning Solutions\",\"publisher\":{\"@id\":\"https:\/\/steinmannonline.com\/en\/en\/#organization\"},\"potentialAction\":[{\"@type\":\"SearchAction\",\"target\":{\"@type\":\"EntryPoint\",\"urlTemplate\":\"https:\/\/steinmannonline.com\/en\/en\/?s={search_term_string}\"},\"query-input\":\"required name=search_term_string\"}],\"inLanguage\":\"ro-RO\"},{\"@type\":\"Organization\",\"@id\":\"https:\/\/steinmannonline.com\/en\/en\/#organization\",\"name\":\"Steinmann\",\"url\":\"https:\/\/steinmannonline.com\/en\/en\/\",\"logo\":{\"@type\":\"ImageObject\",\"inLanguage\":\"ro-RO\",\"@id\":\"https:\/\/steinmannonline.com\/en\/en\/#\/schema\/logo\/image\/\",\"url\":\"https:\/\/steinmannonline.com\/wp-content\/uploads\/2020\/05\/Asset-1.png\",\"contentUrl\":\"https:\/\/steinmannonline.com\/wp-content\/uploads\/2020\/05\/Asset-1.png\",\"width\":150,\"height\":55,\"caption\":\"Steinmann\"},\"image\":{\"@id\":\"https:\/\/steinmannonline.com\/en\/en\/#\/schema\/logo\/image\/\"}}]}<\/script>\n<!-- \/ Yoast SEO plugin. -->","yoast_head_json":{"title":"Cur\u0103\u021b\u0103tor \u0219i balsam din piele - Steinmann","robots":{"index":"index","follow":"follow","max-snippet":"max-snippet:-1","max-image-preview":"max-image-preview:large","max-video-preview":"max-video-preview:-1"},"canonical":"https:\/\/steinmannonline.com\/ro\/shop\/mocheta-si-mobilier\/piele-curat-si-balsam\/","og_locale":"ro_RO","og_type":"article","og_title":"Cur\u0103\u021b\u0103tor \u0219i balsam din piele - Steinmann","og_description":"Piele Cleaner &amp; Conditioner pentru cur\u0103\u021barea tuturor tapi\u021berie din piele, inclusiv piele scaun auto \u0219i vehicule cu piele de interior. De asemenea, pentru utilizare pe jachete, gen\u021bi de m\u00e2n\u0103, canapele \u0219i bagaje din piele. Un kit complet de \u00eengrijire din piele \u00eentr-o singur\u0103 sticl\u0103. U\u0219or de utilizat Aplica\u021bi piele cleaner \u0219i balsam pentru a cur\u0103\u021ba c\u00e2rp\u0103 \u0219i pur \u0219i simplu \u0219terge\u021bi. Toate urmele de murd\u0103rie vor fi \u00eendep\u0103rtate cu u\u0219urin\u021b\u0103, iar pielea pre\u021bioas\u0103 va fi l\u0103sat\u0103 curat\u0103 \u0219i supl\u0103, cu cea dorit\u0103 pentru o nou\u0103 senza\u021bie de piele.","og_url":"https:\/\/steinmannonline.com\/ro\/shop\/mocheta-si-mobilier\/piele-curat-si-balsam\/","og_site_name":"Steinmann","og_image":[{"width":1024,"height":768,"url":"https:\/\/steinmannonline.com\/wp-content\/uploads\/2020\/06\/Leather-Cleaner-and-Conditioner.png","type":"image\/png"}],"twitter_card":"summary_large_image","schema":{"@context":"https:\/\/schema.org","@graph":[{"@type":"WebPage","@id":"https:\/\/steinmannonline.com\/ro\/shop\/mocheta-si-mobilier\/piele-curat-si-balsam\/","url":"https:\/\/steinmannonline.com\/ro\/shop\/mocheta-si-mobilier\/piele-curat-si-balsam\/","name":"Cur\u0103\u021b\u0103tor \u0219i balsam din piele - Steinmann","isPartOf":{"@id":"https:\/\/steinmannonline.com\/en\/en\/#website"},"datePublished":"2020-08-18T17:07:07+00:00","dateModified":"2020-08-18T17:07:07+00:00","breadcrumb":{"@id":"https:\/\/steinmannonline.com\/ro\/shop\/mocheta-si-mobilier\/piele-curat-si-balsam\/#breadcrumb"},"inLanguage":"ro-RO","potentialAction":[{"@type":"ReadAction","target":["https:\/\/steinmannonline.com\/ro\/shop\/mocheta-si-mobilier\/piele-curat-si-balsam\/"]}]},{"@type":"BreadcrumbList","@id":"https:\/\/steinmannonline.com\/ro\/shop\/mocheta-si-mobilier\/piele-curat-si-balsam\/#breadcrumb","itemListElement":[{"@type":"ListItem","position":1,"name":"Home","item":"https:\/\/steinmannonline.com\/ro\/"},{"@type":"ListItem","position":2,"name":"Shop","item":"https:\/\/steinmannonline.com\/en\/shop\/"},{"@type":"ListItem","position":3,"name":"Cur\u0103\u021b\u0103tor \u0219i balsam din piele"}]},{"@type":"WebSite","@id":"https:\/\/steinmannonline.com\/en\/en\/#website","url":"https:\/\/steinmannonline.com\/en\/en\/","name":"Steinmann","description":"Cleaning Solutions","publisher":{"@id":"https:\/\/steinmannonline.com\/en\/en\/#organization"},"potentialAction":[{"@type":"SearchAction","target":{"@type":"EntryPoint","urlTemplate":"https:\/\/steinmannonline.com\/en\/en\/?s={search_term_string}"},"query-input":"required name=search_term_string"}],"inLanguage":"ro-RO"},{"@type":"Organization","@id":"https:\/\/steinmannonline.com\/en\/en\/#organization","name":"Steinmann","url":"https:\/\/steinmannonline.com\/en\/en\/","logo":{"@type":"ImageObject","inLanguage":"ro-RO","@id":"https:\/\/steinmannonline.com\/en\/en\/#\/schema\/logo\/image\/","url":"https:\/\/steinmannonline.com\/wp-content\/uploads\/2020\/05\/Asset-1.png","contentUrl":"https:\/\/steinmannonline.com\/wp-content\/uploads\/2020\/05\/Asset-1.png","width":150,"height":55,"caption":"Steinmann"},"image":{"@id":"https:\/\/steinmannonline.com\/en\/en\/#\/schema\/logo\/image\/"}}]}},"_links":{"self":[{"href":"https:\/\/steinmannonline.com\/ro\/wp-json\/wp\/v2\/product\/834"}],"collection":[{"href":"https:\/\/steinmannonline.com\/ro\/wp-json\/wp\/v2\/product"}],"about":[{"href":"https:\/\/steinmannonline.com\/ro\/wp-json\/wp\/v2\/types\/product"}],"replies":[{"embeddable":true,"href":"https:\/\/steinmannonline.com\/ro\/wp-json\/wp\/v2\/comments?post=834"}],"version-history":[{"count":0,"href":"https:\/\/steinmannonline.com\/ro\/wp-json\/wp\/v2\/product\/834\/revisions"}],"wp:featuredmedia":[{"embeddable":true,"href":"https:\/\/steinmannonline.com\/ro\/wp-json\/wp\/v2\/media\/790"}],"wp:attachment":[{"href":"https:\/\/steinmannonline.com\/ro\/wp-json\/wp\/v2\/media?parent=834"}],"wp:term":[{"taxonomy":"product_cat","embeddable":true,"href":"https:\/\/steinmannonline.com\/ro\/wp-json\/wp\/v2\/product_cat?post=834"},{"taxonomy":"product_tag","embeddable":true,"href":"https:\/\/steinmannonline.com\/ro\/wp-json\/wp\/v2\/product_tag?post=834"}],"curies":[{"name":"wp","href":"https:\/\/api.w.org\/{rel}","templated":true}]}}