{"id":833,"date":"2020-06-08T13:29:24","date_gmt":"2020-08-18T17:05:39","guid":{"rendered":"https:\/\/steinmannonline.com\/shop\/fara-categorie\/estaclean-degresant-biodegradabil\/"},"modified":"2020-08-18T17:05:39","modified_gmt":"2020-08-18T17:05:39","slug":"estaclean-heavy-duty-biodegradable-degreaser-2","status":"publish","type":"product","link":"https:\/\/steinmannonline.com\/ro\/shop\/pardoseala-si-suprafete\/estaclean-heavy-duty-biodegradable-degreaser-2\/","title":{"rendered":"Estaclean &#8211; Degresant biodegradabil"},"content":{"rendered":"<p>Heavy Duty Degreaser from Steinmann. Estaclean este potrivit pentru multe aplica\u021bii grele, inclusiv degresare general\u0103, sp\u0103lare a pieselor, cur\u0103\u021bare cu ultrasunete, \u00eendep\u0103rtarea gudronului, pardoseli din beton \u0219i \u00eendep\u0103rtarea petelor de ulei.<\/p>\n<p>Estaclean este un degresant sigur \u0219i eficient pe baz\u0103 de solven\u021bi de ester vegetal deriva\u021bi din surse naturale.<\/p>\n","protected":false},"excerpt":{"rendered":"<p>Estaclean este potrivit pentru multe aplica\u021bii grele, inclusiv degresare general\u0103, sp\u0103lare a pieselor, cur\u0103\u021bare cu ultrasunete, \u00eendep\u0103rtarea gudronului, pardoseli din beton \u0219i \u00eendep\u0103rtarea petelor de ulei.<\/p>\n<p>Estaclean este un degresant sigur \u0219i eficient pe baz\u0103 de solven\u021bi de ester vegetal deriva\u021bi din surse naturale. Acesta nu con\u021bine solven\u021bi de petrol, hidrocarburi clorurate sau eteri glicol \u0219i este 100% biodegradabil. Estaclean are toxicitate oral\u0103 sc\u0103zut\u0103, miros sc\u0103zut, risc sc\u0103zut de vapori \u0219i nu este clasificat ca inflamabil.<\/p>\n<p>Utiliza\u021bi produsul a\u0219a este furnizat \u0219i aplica\u021bi cu pensula sau spray- ul. Se las\u0103 s\u0103 p\u0103trund\u0103 \u0219i se dizolv\u0103 depunerile, apoi se \u0219terge cu o c\u00e2rp\u0103 absorbant\u0103 sau se cl\u0103te\u0219te cu ap\u0103. Estaclean formeaz\u0103 emulsii cu ap\u0103 pentru a ajuta la \u00eendep\u0103rtarea. De asemenea, potrivit pentru utilizarea \u00een diptanks \u0219i piese de ma\u0219ini de sp\u0103lat echipamente. Verifica\u021bi dac\u0103 este adecvat \u00eenainte de utilizare pe suprafe\u021bele vopsite.<\/p>\n","protected":false},"featured_media":778,"comment_status":"open","ping_status":"closed","template":"","meta":{"nf_dc_page":""},"product_cat":[52],"product_tag":[75],"yoast_head":"<!-- This site is optimized with the Yoast SEO plugin v20.1 - https:\/\/yoast.com\/wordpress\/plugins\/seo\/ -->\n<title>Estaclean - Degresant biodegradabil - Steinmann<\/title>\n<meta name=\"robots\" content=\"index, follow, max-snippet:-1, max-image-preview:large, max-video-preview:-1\" \/>\n<link rel=\"canonical\" href=\"https:\/\/steinmannonline.com\/ro\/shop\/pardoseala-si-suprafete\/estaclean-heavy-duty-biodegradable-degreaser-2\/\" \/>\n<meta property=\"og:locale\" content=\"ro_RO\" \/>\n<meta property=\"og:type\" content=\"article\" \/>\n<meta property=\"og:title\" content=\"Estaclean - Degresant biodegradabil - Steinmann\" \/>\n<meta property=\"og:description\" content=\"Estaclean este potrivit pentru multe aplica\u021bii grele, inclusiv degresare general\u0103, sp\u0103lare a pieselor, cur\u0103\u021bare cu ultrasunete, \u00eendep\u0103rtarea gudronului, pardoseli din beton \u0219i \u00eendep\u0103rtarea petelor de ulei. Estaclean este un degresant sigur \u0219i eficient pe baz\u0103 de solven\u021bi de ester vegetal deriva\u021bi din surse naturale. Acesta nu con\u021bine solven\u021bi de petrol, hidrocarburi clorurate sau eteri glicol \u0219i este 100% biodegradabil. Estaclean are toxicitate oral\u0103 sc\u0103zut\u0103, miros sc\u0103zut, risc sc\u0103zut de vapori \u0219i nu este clasificat ca inflamabil. Utiliza\u021bi produsul a\u0219a este furnizat \u0219i aplica\u021bi cu pensula sau spray- ul. Se las\u0103 s\u0103 p\u0103trund\u0103 \u0219i se dizolv\u0103 depunerile, apoi se \u0219terge cu o c\u00e2rp\u0103 absorbant\u0103 sau se cl\u0103te\u0219te cu ap\u0103. Estaclean formeaz\u0103 emulsii cu ap\u0103 pentru a ajuta la \u00eendep\u0103rtarea. De asemenea, potrivit pentru utilizarea \u00een diptanks \u0219i piese de ma\u0219ini de sp\u0103lat echipamente. Verifica\u021bi dac\u0103 este adecvat \u00eenainte de utilizare pe suprafe\u021bele vopsite.\" \/>\n<meta property=\"og:url\" content=\"https:\/\/steinmannonline.com\/ro\/shop\/pardoseala-si-suprafete\/estaclean-heavy-duty-biodegradable-degreaser-2\/\" \/>\n<meta property=\"og:site_name\" content=\"Steinmann\" \/>\n<meta property=\"og:image\" content=\"https:\/\/steinmannonline.com\/wp-content\/uploads\/2020\/06\/Estaclean.png\" \/>\n\t<meta property=\"og:image:width\" content=\"1024\" \/>\n\t<meta property=\"og:image:height\" content=\"768\" \/>\n\t<meta property=\"og:image:type\" content=\"image\/png\" \/>\n<meta name=\"twitter:card\" content=\"summary_large_image\" \/>\n<script type=\"application\/ld+json\" class=\"yoast-schema-graph\">{\"@context\":\"https:\/\/schema.org\",\"@graph\":[{\"@type\":\"WebPage\",\"@id\":\"https:\/\/steinmannonline.com\/ro\/shop\/pardoseala-si-suprafete\/estaclean-heavy-duty-biodegradable-degreaser-2\/\",\"url\":\"https:\/\/steinmannonline.com\/ro\/shop\/pardoseala-si-suprafete\/estaclean-heavy-duty-biodegradable-degreaser-2\/\",\"name\":\"Estaclean - Degresant biodegradabil - Steinmann\",\"isPartOf\":{\"@id\":\"https:\/\/steinmannonline.com\/en\/en\/#website\"},\"datePublished\":\"2020-08-18T17:05:39+00:00\",\"dateModified\":\"2020-08-18T17:05:39+00:00\",\"breadcrumb\":{\"@id\":\"https:\/\/steinmannonline.com\/ro\/shop\/pardoseala-si-suprafete\/estaclean-heavy-duty-biodegradable-degreaser-2\/#breadcrumb\"},\"inLanguage\":\"ro-RO\",\"potentialAction\":[{\"@type\":\"ReadAction\",\"target\":[\"https:\/\/steinmannonline.com\/ro\/shop\/pardoseala-si-suprafete\/estaclean-heavy-duty-biodegradable-degreaser-2\/\"]}]},{\"@type\":\"BreadcrumbList\",\"@id\":\"https:\/\/steinmannonline.com\/ro\/shop\/pardoseala-si-suprafete\/estaclean-heavy-duty-biodegradable-degreaser-2\/#breadcrumb\",\"itemListElement\":[{\"@type\":\"ListItem\",\"position\":1,\"name\":\"Home\",\"item\":\"https:\/\/steinmannonline.com\/ro\/\"},{\"@type\":\"ListItem\",\"position\":2,\"name\":\"Shop\",\"item\":\"https:\/\/steinmannonline.com\/en\/shop\/\"},{\"@type\":\"ListItem\",\"position\":3,\"name\":\"Estaclean &#8211; Degresant biodegradabil\"}]},{\"@type\":\"WebSite\",\"@id\":\"https:\/\/steinmannonline.com\/en\/en\/#website\",\"url\":\"https:\/\/steinmannonline.com\/en\/en\/\",\"name\":\"Steinmann\",\"description\":\"Cleaning Solutions\",\"publisher\":{\"@id\":\"https:\/\/steinmannonline.com\/en\/en\/#organization\"},\"potentialAction\":[{\"@type\":\"SearchAction\",\"target\":{\"@type\":\"EntryPoint\",\"urlTemplate\":\"https:\/\/steinmannonline.com\/en\/en\/?s={search_term_string}\"},\"query-input\":\"required name=search_term_string\"}],\"inLanguage\":\"ro-RO\"},{\"@type\":\"Organization\",\"@id\":\"https:\/\/steinmannonline.com\/en\/en\/#organization\",\"name\":\"Steinmann\",\"url\":\"https:\/\/steinmannonline.com\/en\/en\/\",\"logo\":{\"@type\":\"ImageObject\",\"inLanguage\":\"ro-RO\",\"@id\":\"https:\/\/steinmannonline.com\/en\/en\/#\/schema\/logo\/image\/\",\"url\":\"https:\/\/steinmannonline.com\/wp-content\/uploads\/2020\/05\/Asset-1.png\",\"contentUrl\":\"https:\/\/steinmannonline.com\/wp-content\/uploads\/2020\/05\/Asset-1.png\",\"width\":150,\"height\":55,\"caption\":\"Steinmann\"},\"image\":{\"@id\":\"https:\/\/steinmannonline.com\/en\/en\/#\/schema\/logo\/image\/\"}}]}<\/script>\n<!-- \/ Yoast SEO plugin. -->","yoast_head_json":{"title":"Estaclean - Degresant biodegradabil - Steinmann","robots":{"index":"index","follow":"follow","max-snippet":"max-snippet:-1","max-image-preview":"max-image-preview:large","max-video-preview":"max-video-preview:-1"},"canonical":"https:\/\/steinmannonline.com\/ro\/shop\/pardoseala-si-suprafete\/estaclean-heavy-duty-biodegradable-degreaser-2\/","og_locale":"ro_RO","og_type":"article","og_title":"Estaclean - Degresant biodegradabil - Steinmann","og_description":"Estaclean este potrivit pentru multe aplica\u021bii grele, inclusiv degresare general\u0103, sp\u0103lare a pieselor, cur\u0103\u021bare cu ultrasunete, \u00eendep\u0103rtarea gudronului, pardoseli din beton \u0219i \u00eendep\u0103rtarea petelor de ulei. Estaclean este un degresant sigur \u0219i eficient pe baz\u0103 de solven\u021bi de ester vegetal deriva\u021bi din surse naturale. Acesta nu con\u021bine solven\u021bi de petrol, hidrocarburi clorurate sau eteri glicol \u0219i este 100% biodegradabil. Estaclean are toxicitate oral\u0103 sc\u0103zut\u0103, miros sc\u0103zut, risc sc\u0103zut de vapori \u0219i nu este clasificat ca inflamabil. Utiliza\u021bi produsul a\u0219a este furnizat \u0219i aplica\u021bi cu pensula sau spray- ul. Se las\u0103 s\u0103 p\u0103trund\u0103 \u0219i se dizolv\u0103 depunerile, apoi se \u0219terge cu o c\u00e2rp\u0103 absorbant\u0103 sau se cl\u0103te\u0219te cu ap\u0103. Estaclean formeaz\u0103 emulsii cu ap\u0103 pentru a ajuta la \u00eendep\u0103rtarea. De asemenea, potrivit pentru utilizarea \u00een diptanks \u0219i piese de ma\u0219ini de sp\u0103lat echipamente. Verifica\u021bi dac\u0103 este adecvat \u00eenainte de utilizare pe suprafe\u021bele vopsite.","og_url":"https:\/\/steinmannonline.com\/ro\/shop\/pardoseala-si-suprafete\/estaclean-heavy-duty-biodegradable-degreaser-2\/","og_site_name":"Steinmann","og_image":[{"width":1024,"height":768,"url":"https:\/\/steinmannonline.com\/wp-content\/uploads\/2020\/06\/Estaclean.png","type":"image\/png"}],"twitter_card":"summary_large_image","schema":{"@context":"https:\/\/schema.org","@graph":[{"@type":"WebPage","@id":"https:\/\/steinmannonline.com\/ro\/shop\/pardoseala-si-suprafete\/estaclean-heavy-duty-biodegradable-degreaser-2\/","url":"https:\/\/steinmannonline.com\/ro\/shop\/pardoseala-si-suprafete\/estaclean-heavy-duty-biodegradable-degreaser-2\/","name":"Estaclean - Degresant biodegradabil - Steinmann","isPartOf":{"@id":"https:\/\/steinmannonline.com\/en\/en\/#website"},"datePublished":"2020-08-18T17:05:39+00:00","dateModified":"2020-08-18T17:05:39+00:00","breadcrumb":{"@id":"https:\/\/steinmannonline.com\/ro\/shop\/pardoseala-si-suprafete\/estaclean-heavy-duty-biodegradable-degreaser-2\/#breadcrumb"},"inLanguage":"ro-RO","potentialAction":[{"@type":"ReadAction","target":["https:\/\/steinmannonline.com\/ro\/shop\/pardoseala-si-suprafete\/estaclean-heavy-duty-biodegradable-degreaser-2\/"]}]},{"@type":"BreadcrumbList","@id":"https:\/\/steinmannonline.com\/ro\/shop\/pardoseala-si-suprafete\/estaclean-heavy-duty-biodegradable-degreaser-2\/#breadcrumb","itemListElement":[{"@type":"ListItem","position":1,"name":"Home","item":"https:\/\/steinmannonline.com\/ro\/"},{"@type":"ListItem","position":2,"name":"Shop","item":"https:\/\/steinmannonline.com\/en\/shop\/"},{"@type":"ListItem","position":3,"name":"Estaclean &#8211; Degresant biodegradabil"}]},{"@type":"WebSite","@id":"https:\/\/steinmannonline.com\/en\/en\/#website","url":"https:\/\/steinmannonline.com\/en\/en\/","name":"Steinmann","description":"Cleaning Solutions","publisher":{"@id":"https:\/\/steinmannonline.com\/en\/en\/#organization"},"potentialAction":[{"@type":"SearchAction","target":{"@type":"EntryPoint","urlTemplate":"https:\/\/steinmannonline.com\/en\/en\/?s={search_term_string}"},"query-input":"required name=search_term_string"}],"inLanguage":"ro-RO"},{"@type":"Organization","@id":"https:\/\/steinmannonline.com\/en\/en\/#organization","name":"Steinmann","url":"https:\/\/steinmannonline.com\/en\/en\/","logo":{"@type":"ImageObject","inLanguage":"ro-RO","@id":"https:\/\/steinmannonline.com\/en\/en\/#\/schema\/logo\/image\/","url":"https:\/\/steinmannonline.com\/wp-content\/uploads\/2020\/05\/Asset-1.png","contentUrl":"https:\/\/steinmannonline.com\/wp-content\/uploads\/2020\/05\/Asset-1.png","width":150,"height":55,"caption":"Steinmann"},"image":{"@id":"https:\/\/steinmannonline.com\/en\/en\/#\/schema\/logo\/image\/"}}]}},"_links":{"self":[{"href":"https:\/\/steinmannonline.com\/ro\/wp-json\/wp\/v2\/product\/833"}],"collection":[{"href":"https:\/\/steinmannonline.com\/ro\/wp-json\/wp\/v2\/product"}],"about":[{"href":"https:\/\/steinmannonline.com\/ro\/wp-json\/wp\/v2\/types\/product"}],"replies":[{"embeddable":true,"href":"https:\/\/steinmannonline.com\/ro\/wp-json\/wp\/v2\/comments?post=833"}],"version-history":[{"count":0,"href":"https:\/\/steinmannonline.com\/ro\/wp-json\/wp\/v2\/product\/833\/revisions"}],"wp:featuredmedia":[{"embeddable":true,"href":"https:\/\/steinmannonline.com\/ro\/wp-json\/wp\/v2\/media\/778"}],"wp:attachment":[{"href":"https:\/\/steinmannonline.com\/ro\/wp-json\/wp\/v2\/media?parent=833"}],"wp:term":[{"taxonomy":"product_cat","embeddable":true,"href":"https:\/\/steinmannonline.com\/ro\/wp-json\/wp\/v2\/product_cat?post=833"},{"taxonomy":"product_tag","embeddable":true,"href":"https:\/\/steinmannonline.com\/ro\/wp-json\/wp\/v2\/product_tag?post=833"}],"curies":[{"name":"wp","href":"https:\/\/api.w.org\/{rel}","templated":true}]}}