{"id":814,"date":"2020-06-18T13:00:56","date_gmt":"2020-08-16T17:57:52","guid":{"rendered":"https:\/\/steinmannonline.com\/shop\/fara-categorie\/maestro-stripper-eliminator-de-ceara-pentru-pardoseli\/"},"modified":"2020-08-16T17:58:05","modified_gmt":"2020-08-16T17:58:05","slug":"maestro-stripperfloor-polish-stripper","status":"publish","type":"product","link":"https:\/\/steinmannonline.com\/ro\/shop\/pardoseala-si-suprafete\/maestro-stripperfloor-polish-stripper\/","title":{"rendered":"Maestro Stripper &#8211; Eliminator de ceara pentru pardoseli"},"content":{"rendered":"<div class=\"woocommerce-product-details__short-description\">\n<p>Stripper podea pentru a elimina metalizate \u0219i polipoli acrilice din lemn, terrazzo, podele din cauciuc \u0219i vinil.<\/p>\n<\/div>\n","protected":false},"excerpt":{"rendered":"<p>Stripper podea pentru a elimina metalizate \u0219i polipoli polimeri din <strong>lemn, terrazzo, podele<\/strong>din cauciuc \u0219i vinil . Se dilueaz\u0103 la 10:1 cu ap\u0103 cald\u0103 \u00eenainte de utilizare, astfel \u00eenc\u00e2t sa, de asemenea, o alegere economic\u0103.<\/p>\n","protected":false},"featured_media":780,"comment_status":"open","ping_status":"closed","template":"","meta":{"nf_dc_page":""},"product_cat":[52],"product_tag":[62,79],"yoast_head":"<!-- This site is optimized with the Yoast SEO plugin v20.1 - https:\/\/yoast.com\/wordpress\/plugins\/seo\/ -->\n<title>Maestro Stripper - Eliminator de ceara pentru pardoseli - Steinmann<\/title>\n<meta name=\"robots\" content=\"index, follow, max-snippet:-1, max-image-preview:large, max-video-preview:-1\" \/>\n<link rel=\"canonical\" href=\"https:\/\/steinmannonline.com\/ro\/shop\/pardoseala-si-suprafete\/maestro-stripperfloor-polish-stripper\/\" \/>\n<meta property=\"og:locale\" content=\"ro_RO\" \/>\n<meta property=\"og:type\" content=\"article\" \/>\n<meta property=\"og:title\" content=\"Maestro Stripper - Eliminator de ceara pentru pardoseli - Steinmann\" \/>\n<meta property=\"og:description\" content=\"Stripper podea pentru a elimina metalizate \u0219i polipoli polimeri din lemn, terrazzo, podeledin cauciuc \u0219i vinil . Se dilueaz\u0103 la 10:1 cu ap\u0103 cald\u0103 \u00eenainte de utilizare, astfel \u00eenc\u00e2t sa, de asemenea, o alegere economic\u0103.\" \/>\n<meta property=\"og:url\" content=\"https:\/\/steinmannonline.com\/ro\/shop\/pardoseala-si-suprafete\/maestro-stripperfloor-polish-stripper\/\" \/>\n<meta property=\"og:site_name\" content=\"Steinmann\" \/>\n<meta property=\"article:modified_time\" content=\"2020-08-16T17:58:05+00:00\" \/>\n<meta property=\"og:image\" content=\"https:\/\/steinmannonline.com\/wp-content\/uploads\/2020\/06\/Maestro-Stripper.png\" \/>\n\t<meta property=\"og:image:width\" content=\"1024\" \/>\n\t<meta property=\"og:image:height\" content=\"768\" \/>\n\t<meta property=\"og:image:type\" content=\"image\/png\" \/>\n<meta name=\"twitter:card\" content=\"summary_large_image\" \/>\n<script type=\"application\/ld+json\" class=\"yoast-schema-graph\">{\"@context\":\"https:\/\/schema.org\",\"@graph\":[{\"@type\":\"WebPage\",\"@id\":\"https:\/\/steinmannonline.com\/ro\/shop\/pardoseala-si-suprafete\/maestro-stripperfloor-polish-stripper\/\",\"url\":\"https:\/\/steinmannonline.com\/ro\/shop\/pardoseala-si-suprafete\/maestro-stripperfloor-polish-stripper\/\",\"name\":\"Maestro Stripper - Eliminator de ceara pentru pardoseli - Steinmann\",\"isPartOf\":{\"@id\":\"https:\/\/steinmannonline.com\/en\/en\/#website\"},\"datePublished\":\"2020-08-16T17:57:52+00:00\",\"dateModified\":\"2020-08-16T17:58:05+00:00\",\"breadcrumb\":{\"@id\":\"https:\/\/steinmannonline.com\/ro\/shop\/pardoseala-si-suprafete\/maestro-stripperfloor-polish-stripper\/#breadcrumb\"},\"inLanguage\":\"ro-RO\",\"potentialAction\":[{\"@type\":\"ReadAction\",\"target\":[\"https:\/\/steinmannonline.com\/ro\/shop\/pardoseala-si-suprafete\/maestro-stripperfloor-polish-stripper\/\"]}]},{\"@type\":\"BreadcrumbList\",\"@id\":\"https:\/\/steinmannonline.com\/ro\/shop\/pardoseala-si-suprafete\/maestro-stripperfloor-polish-stripper\/#breadcrumb\",\"itemListElement\":[{\"@type\":\"ListItem\",\"position\":1,\"name\":\"Home\",\"item\":\"https:\/\/steinmannonline.com\/ro\/\"},{\"@type\":\"ListItem\",\"position\":2,\"name\":\"Shop\",\"item\":\"https:\/\/steinmannonline.com\/en\/shop\/\"},{\"@type\":\"ListItem\",\"position\":3,\"name\":\"Maestro Stripper &#8211; Eliminator de ceara pentru pardoseli\"}]},{\"@type\":\"WebSite\",\"@id\":\"https:\/\/steinmannonline.com\/en\/en\/#website\",\"url\":\"https:\/\/steinmannonline.com\/en\/en\/\",\"name\":\"Steinmann\",\"description\":\"Cleaning Solutions\",\"publisher\":{\"@id\":\"https:\/\/steinmannonline.com\/en\/en\/#organization\"},\"potentialAction\":[{\"@type\":\"SearchAction\",\"target\":{\"@type\":\"EntryPoint\",\"urlTemplate\":\"https:\/\/steinmannonline.com\/en\/en\/?s={search_term_string}\"},\"query-input\":\"required name=search_term_string\"}],\"inLanguage\":\"ro-RO\"},{\"@type\":\"Organization\",\"@id\":\"https:\/\/steinmannonline.com\/en\/en\/#organization\",\"name\":\"Steinmann\",\"url\":\"https:\/\/steinmannonline.com\/en\/en\/\",\"logo\":{\"@type\":\"ImageObject\",\"inLanguage\":\"ro-RO\",\"@id\":\"https:\/\/steinmannonline.com\/en\/en\/#\/schema\/logo\/image\/\",\"url\":\"https:\/\/steinmannonline.com\/wp-content\/uploads\/2020\/05\/Asset-1.png\",\"contentUrl\":\"https:\/\/steinmannonline.com\/wp-content\/uploads\/2020\/05\/Asset-1.png\",\"width\":150,\"height\":55,\"caption\":\"Steinmann\"},\"image\":{\"@id\":\"https:\/\/steinmannonline.com\/en\/en\/#\/schema\/logo\/image\/\"}}]}<\/script>\n<!-- \/ Yoast SEO plugin. -->","yoast_head_json":{"title":"Maestro Stripper - Eliminator de ceara pentru pardoseli - Steinmann","robots":{"index":"index","follow":"follow","max-snippet":"max-snippet:-1","max-image-preview":"max-image-preview:large","max-video-preview":"max-video-preview:-1"},"canonical":"https:\/\/steinmannonline.com\/ro\/shop\/pardoseala-si-suprafete\/maestro-stripperfloor-polish-stripper\/","og_locale":"ro_RO","og_type":"article","og_title":"Maestro Stripper - Eliminator de ceara pentru pardoseli - Steinmann","og_description":"Stripper podea pentru a elimina metalizate \u0219i polipoli polimeri din lemn, terrazzo, podeledin cauciuc \u0219i vinil . Se dilueaz\u0103 la 10:1 cu ap\u0103 cald\u0103 \u00eenainte de utilizare, astfel \u00eenc\u00e2t sa, de asemenea, o alegere economic\u0103.","og_url":"https:\/\/steinmannonline.com\/ro\/shop\/pardoseala-si-suprafete\/maestro-stripperfloor-polish-stripper\/","og_site_name":"Steinmann","article_modified_time":"2020-08-16T17:58:05+00:00","og_image":[{"width":1024,"height":768,"url":"https:\/\/steinmannonline.com\/wp-content\/uploads\/2020\/06\/Maestro-Stripper.png","type":"image\/png"}],"twitter_card":"summary_large_image","schema":{"@context":"https:\/\/schema.org","@graph":[{"@type":"WebPage","@id":"https:\/\/steinmannonline.com\/ro\/shop\/pardoseala-si-suprafete\/maestro-stripperfloor-polish-stripper\/","url":"https:\/\/steinmannonline.com\/ro\/shop\/pardoseala-si-suprafete\/maestro-stripperfloor-polish-stripper\/","name":"Maestro Stripper - Eliminator de ceara pentru pardoseli - Steinmann","isPartOf":{"@id":"https:\/\/steinmannonline.com\/en\/en\/#website"},"datePublished":"2020-08-16T17:57:52+00:00","dateModified":"2020-08-16T17:58:05+00:00","breadcrumb":{"@id":"https:\/\/steinmannonline.com\/ro\/shop\/pardoseala-si-suprafete\/maestro-stripperfloor-polish-stripper\/#breadcrumb"},"inLanguage":"ro-RO","potentialAction":[{"@type":"ReadAction","target":["https:\/\/steinmannonline.com\/ro\/shop\/pardoseala-si-suprafete\/maestro-stripperfloor-polish-stripper\/"]}]},{"@type":"BreadcrumbList","@id":"https:\/\/steinmannonline.com\/ro\/shop\/pardoseala-si-suprafete\/maestro-stripperfloor-polish-stripper\/#breadcrumb","itemListElement":[{"@type":"ListItem","position":1,"name":"Home","item":"https:\/\/steinmannonline.com\/ro\/"},{"@type":"ListItem","position":2,"name":"Shop","item":"https:\/\/steinmannonline.com\/en\/shop\/"},{"@type":"ListItem","position":3,"name":"Maestro Stripper &#8211; Eliminator de ceara pentru pardoseli"}]},{"@type":"WebSite","@id":"https:\/\/steinmannonline.com\/en\/en\/#website","url":"https:\/\/steinmannonline.com\/en\/en\/","name":"Steinmann","description":"Cleaning Solutions","publisher":{"@id":"https:\/\/steinmannonline.com\/en\/en\/#organization"},"potentialAction":[{"@type":"SearchAction","target":{"@type":"EntryPoint","urlTemplate":"https:\/\/steinmannonline.com\/en\/en\/?s={search_term_string}"},"query-input":"required name=search_term_string"}],"inLanguage":"ro-RO"},{"@type":"Organization","@id":"https:\/\/steinmannonline.com\/en\/en\/#organization","name":"Steinmann","url":"https:\/\/steinmannonline.com\/en\/en\/","logo":{"@type":"ImageObject","inLanguage":"ro-RO","@id":"https:\/\/steinmannonline.com\/en\/en\/#\/schema\/logo\/image\/","url":"https:\/\/steinmannonline.com\/wp-content\/uploads\/2020\/05\/Asset-1.png","contentUrl":"https:\/\/steinmannonline.com\/wp-content\/uploads\/2020\/05\/Asset-1.png","width":150,"height":55,"caption":"Steinmann"},"image":{"@id":"https:\/\/steinmannonline.com\/en\/en\/#\/schema\/logo\/image\/"}}]}},"_links":{"self":[{"href":"https:\/\/steinmannonline.com\/ro\/wp-json\/wp\/v2\/product\/814"}],"collection":[{"href":"https:\/\/steinmannonline.com\/ro\/wp-json\/wp\/v2\/product"}],"about":[{"href":"https:\/\/steinmannonline.com\/ro\/wp-json\/wp\/v2\/types\/product"}],"replies":[{"embeddable":true,"href":"https:\/\/steinmannonline.com\/ro\/wp-json\/wp\/v2\/comments?post=814"}],"version-history":[{"count":0,"href":"https:\/\/steinmannonline.com\/ro\/wp-json\/wp\/v2\/product\/814\/revisions"}],"wp:featuredmedia":[{"embeddable":true,"href":"https:\/\/steinmannonline.com\/ro\/wp-json\/wp\/v2\/media\/780"}],"wp:attachment":[{"href":"https:\/\/steinmannonline.com\/ro\/wp-json\/wp\/v2\/media?parent=814"}],"wp:term":[{"taxonomy":"product_cat","embeddable":true,"href":"https:\/\/steinmannonline.com\/ro\/wp-json\/wp\/v2\/product_cat?post=814"},{"taxonomy":"product_tag","embeddable":true,"href":"https:\/\/steinmannonline.com\/ro\/wp-json\/wp\/v2\/product_tag?post=814"}],"curies":[{"name":"wp","href":"https:\/\/api.w.org\/{rel}","templated":true}]}}