{"id":813,"date":"2020-06-18T13:04:20","date_gmt":"2020-08-16T17:55:07","guid":{"rendered":"https:\/\/steinmannonline.com\/shop\/fara-categorie\/maestro-ceara-pentru-pardoseli\/"},"modified":"2020-08-16T17:55:07","modified_gmt":"2020-08-16T17:55:07","slug":"maestro-floor-polish-2","status":"publish","type":"product","link":"https:\/\/steinmannonline.com\/ro\/shop\/pardoseala-si-suprafete\/maestro-floor-polish-2\/","title":{"rendered":"Maestro &#8211; Ceara pentru pardoseli"},"content":{"rendered":"<p>Un sealer podea non \u00eeng\u0103lbenirea \u0219i polonez\u0103. Confer\u0103 o str\u0103lucire excelent\u0103 rezistent\u0103 la alunecare, oferind \u00een acela\u0219i timp o barier\u0103 de protec\u021bie la suprafa\u021ba podelei \u00eempotriva zg\u00e2rieturilor, murd\u0103riei, scurgerilor \u0219i traficului.<\/p>\n","protected":false},"excerpt":{"rendered":"<p>Doar o cur\u0103\u021bare umed\u0103 restabile\u0219te str\u0103lucirea. Podeaua poate fi prestipped cu MAESTRO STRIPPER pentru a preg\u0103ti suprafa\u021ba \u00eenainte de a aplica Maestro.<\/p>\n","protected":false},"featured_media":779,"comment_status":"open","ping_status":"closed","template":"","meta":{"nf_dc_page":""},"product_cat":[52],"product_tag":[80,78],"yoast_head":"<!-- This site is optimized with the Yoast SEO plugin v20.1 - https:\/\/yoast.com\/wordpress\/plugins\/seo\/ -->\n<title>Maestro - Ceara pentru pardoseli - Steinmann<\/title>\n<meta name=\"robots\" content=\"index, follow, max-snippet:-1, max-image-preview:large, max-video-preview:-1\" \/>\n<link rel=\"canonical\" href=\"https:\/\/steinmannonline.com\/ro\/shop\/pardoseala-si-suprafete\/maestro-floor-polish-2\/\" \/>\n<meta property=\"og:locale\" content=\"ro_RO\" \/>\n<meta property=\"og:type\" content=\"article\" \/>\n<meta property=\"og:title\" content=\"Maestro - Ceara pentru pardoseli - Steinmann\" \/>\n<meta property=\"og:description\" content=\"Doar o cur\u0103\u021bare umed\u0103 restabile\u0219te str\u0103lucirea. Podeaua poate fi prestipped cu MAESTRO STRIPPER pentru a preg\u0103ti suprafa\u021ba \u00eenainte de a aplica Maestro.\" \/>\n<meta property=\"og:url\" content=\"https:\/\/steinmannonline.com\/ro\/shop\/pardoseala-si-suprafete\/maestro-floor-polish-2\/\" \/>\n<meta property=\"og:site_name\" content=\"Steinmann\" \/>\n<meta property=\"og:image\" content=\"https:\/\/steinmannonline.com\/wp-content\/uploads\/2020\/06\/Maestro.png\" \/>\n\t<meta property=\"og:image:width\" content=\"1024\" \/>\n\t<meta property=\"og:image:height\" content=\"768\" \/>\n\t<meta property=\"og:image:type\" content=\"image\/png\" \/>\n<meta name=\"twitter:card\" content=\"summary_large_image\" \/>\n<script type=\"application\/ld+json\" class=\"yoast-schema-graph\">{\"@context\":\"https:\/\/schema.org\",\"@graph\":[{\"@type\":\"WebPage\",\"@id\":\"https:\/\/steinmannonline.com\/ro\/shop\/pardoseala-si-suprafete\/maestro-floor-polish-2\/\",\"url\":\"https:\/\/steinmannonline.com\/ro\/shop\/pardoseala-si-suprafete\/maestro-floor-polish-2\/\",\"name\":\"Maestro - Ceara pentru pardoseli - Steinmann\",\"isPartOf\":{\"@id\":\"https:\/\/steinmannonline.com\/en\/en\/#website\"},\"datePublished\":\"2020-08-16T17:55:07+00:00\",\"dateModified\":\"2020-08-16T17:55:07+00:00\",\"breadcrumb\":{\"@id\":\"https:\/\/steinmannonline.com\/ro\/shop\/pardoseala-si-suprafete\/maestro-floor-polish-2\/#breadcrumb\"},\"inLanguage\":\"ro-RO\",\"potentialAction\":[{\"@type\":\"ReadAction\",\"target\":[\"https:\/\/steinmannonline.com\/ro\/shop\/pardoseala-si-suprafete\/maestro-floor-polish-2\/\"]}]},{\"@type\":\"BreadcrumbList\",\"@id\":\"https:\/\/steinmannonline.com\/ro\/shop\/pardoseala-si-suprafete\/maestro-floor-polish-2\/#breadcrumb\",\"itemListElement\":[{\"@type\":\"ListItem\",\"position\":1,\"name\":\"Home\",\"item\":\"https:\/\/steinmannonline.com\/ro\/\"},{\"@type\":\"ListItem\",\"position\":2,\"name\":\"Shop\",\"item\":\"https:\/\/steinmannonline.com\/en\/shop\/\"},{\"@type\":\"ListItem\",\"position\":3,\"name\":\"Maestro &#8211; Ceara pentru pardoseli\"}]},{\"@type\":\"WebSite\",\"@id\":\"https:\/\/steinmannonline.com\/en\/en\/#website\",\"url\":\"https:\/\/steinmannonline.com\/en\/en\/\",\"name\":\"Steinmann\",\"description\":\"Cleaning Solutions\",\"publisher\":{\"@id\":\"https:\/\/steinmannonline.com\/en\/en\/#organization\"},\"potentialAction\":[{\"@type\":\"SearchAction\",\"target\":{\"@type\":\"EntryPoint\",\"urlTemplate\":\"https:\/\/steinmannonline.com\/en\/en\/?s={search_term_string}\"},\"query-input\":\"required name=search_term_string\"}],\"inLanguage\":\"ro-RO\"},{\"@type\":\"Organization\",\"@id\":\"https:\/\/steinmannonline.com\/en\/en\/#organization\",\"name\":\"Steinmann\",\"url\":\"https:\/\/steinmannonline.com\/en\/en\/\",\"logo\":{\"@type\":\"ImageObject\",\"inLanguage\":\"ro-RO\",\"@id\":\"https:\/\/steinmannonline.com\/en\/en\/#\/schema\/logo\/image\/\",\"url\":\"https:\/\/steinmannonline.com\/wp-content\/uploads\/2020\/05\/Asset-1.png\",\"contentUrl\":\"https:\/\/steinmannonline.com\/wp-content\/uploads\/2020\/05\/Asset-1.png\",\"width\":150,\"height\":55,\"caption\":\"Steinmann\"},\"image\":{\"@id\":\"https:\/\/steinmannonline.com\/en\/en\/#\/schema\/logo\/image\/\"}}]}<\/script>\n<!-- \/ Yoast SEO plugin. -->","yoast_head_json":{"title":"Maestro - Ceara pentru pardoseli - Steinmann","robots":{"index":"index","follow":"follow","max-snippet":"max-snippet:-1","max-image-preview":"max-image-preview:large","max-video-preview":"max-video-preview:-1"},"canonical":"https:\/\/steinmannonline.com\/ro\/shop\/pardoseala-si-suprafete\/maestro-floor-polish-2\/","og_locale":"ro_RO","og_type":"article","og_title":"Maestro - Ceara pentru pardoseli - Steinmann","og_description":"Doar o cur\u0103\u021bare umed\u0103 restabile\u0219te str\u0103lucirea. Podeaua poate fi prestipped cu MAESTRO STRIPPER pentru a preg\u0103ti suprafa\u021ba \u00eenainte de a aplica Maestro.","og_url":"https:\/\/steinmannonline.com\/ro\/shop\/pardoseala-si-suprafete\/maestro-floor-polish-2\/","og_site_name":"Steinmann","og_image":[{"width":1024,"height":768,"url":"https:\/\/steinmannonline.com\/wp-content\/uploads\/2020\/06\/Maestro.png","type":"image\/png"}],"twitter_card":"summary_large_image","schema":{"@context":"https:\/\/schema.org","@graph":[{"@type":"WebPage","@id":"https:\/\/steinmannonline.com\/ro\/shop\/pardoseala-si-suprafete\/maestro-floor-polish-2\/","url":"https:\/\/steinmannonline.com\/ro\/shop\/pardoseala-si-suprafete\/maestro-floor-polish-2\/","name":"Maestro - Ceara pentru pardoseli - Steinmann","isPartOf":{"@id":"https:\/\/steinmannonline.com\/en\/en\/#website"},"datePublished":"2020-08-16T17:55:07+00:00","dateModified":"2020-08-16T17:55:07+00:00","breadcrumb":{"@id":"https:\/\/steinmannonline.com\/ro\/shop\/pardoseala-si-suprafete\/maestro-floor-polish-2\/#breadcrumb"},"inLanguage":"ro-RO","potentialAction":[{"@type":"ReadAction","target":["https:\/\/steinmannonline.com\/ro\/shop\/pardoseala-si-suprafete\/maestro-floor-polish-2\/"]}]},{"@type":"BreadcrumbList","@id":"https:\/\/steinmannonline.com\/ro\/shop\/pardoseala-si-suprafete\/maestro-floor-polish-2\/#breadcrumb","itemListElement":[{"@type":"ListItem","position":1,"name":"Home","item":"https:\/\/steinmannonline.com\/ro\/"},{"@type":"ListItem","position":2,"name":"Shop","item":"https:\/\/steinmannonline.com\/en\/shop\/"},{"@type":"ListItem","position":3,"name":"Maestro &#8211; Ceara pentru pardoseli"}]},{"@type":"WebSite","@id":"https:\/\/steinmannonline.com\/en\/en\/#website","url":"https:\/\/steinmannonline.com\/en\/en\/","name":"Steinmann","description":"Cleaning Solutions","publisher":{"@id":"https:\/\/steinmannonline.com\/en\/en\/#organization"},"potentialAction":[{"@type":"SearchAction","target":{"@type":"EntryPoint","urlTemplate":"https:\/\/steinmannonline.com\/en\/en\/?s={search_term_string}"},"query-input":"required name=search_term_string"}],"inLanguage":"ro-RO"},{"@type":"Organization","@id":"https:\/\/steinmannonline.com\/en\/en\/#organization","name":"Steinmann","url":"https:\/\/steinmannonline.com\/en\/en\/","logo":{"@type":"ImageObject","inLanguage":"ro-RO","@id":"https:\/\/steinmannonline.com\/en\/en\/#\/schema\/logo\/image\/","url":"https:\/\/steinmannonline.com\/wp-content\/uploads\/2020\/05\/Asset-1.png","contentUrl":"https:\/\/steinmannonline.com\/wp-content\/uploads\/2020\/05\/Asset-1.png","width":150,"height":55,"caption":"Steinmann"},"image":{"@id":"https:\/\/steinmannonline.com\/en\/en\/#\/schema\/logo\/image\/"}}]}},"_links":{"self":[{"href":"https:\/\/steinmannonline.com\/ro\/wp-json\/wp\/v2\/product\/813"}],"collection":[{"href":"https:\/\/steinmannonline.com\/ro\/wp-json\/wp\/v2\/product"}],"about":[{"href":"https:\/\/steinmannonline.com\/ro\/wp-json\/wp\/v2\/types\/product"}],"replies":[{"embeddable":true,"href":"https:\/\/steinmannonline.com\/ro\/wp-json\/wp\/v2\/comments?post=813"}],"version-history":[{"count":0,"href":"https:\/\/steinmannonline.com\/ro\/wp-json\/wp\/v2\/product\/813\/revisions"}],"wp:featuredmedia":[{"embeddable":true,"href":"https:\/\/steinmannonline.com\/ro\/wp-json\/wp\/v2\/media\/779"}],"wp:attachment":[{"href":"https:\/\/steinmannonline.com\/ro\/wp-json\/wp\/v2\/media?parent=813"}],"wp:term":[{"taxonomy":"product_cat","embeddable":true,"href":"https:\/\/steinmannonline.com\/ro\/wp-json\/wp\/v2\/product_cat?post=813"},{"taxonomy":"product_tag","embeddable":true,"href":"https:\/\/steinmannonline.com\/ro\/wp-json\/wp\/v2\/product_tag?post=813"}],"curies":[{"name":"wp","href":"https:\/\/api.w.org\/{rel}","templated":true}]}}