{"id":812,"date":"2020-06-18T13:14:16","date_gmt":"2020-08-16T17:53:18","guid":{"rendered":"https:\/\/steinmannonline.com\/shop\/fara-categorie\/microcel-heavy-duty-citrus-cleaner\/"},"modified":"2020-08-16T17:53:18","modified_gmt":"2020-08-16T17:53:18","slug":"microcel-heavy-duty-citrus-cleaner-2","status":"publish","type":"product","link":"https:\/\/steinmannonline.com\/ro\/shop\/pardoseala-si-suprafete\/microcel-heavy-duty-citrus-cleaner-2\/","title":{"rendered":"Microcel &#8211; Heavy Duty Citrus Cleaner"},"content":{"rendered":"<p>Heavy Duty Cleaner pentru suprafata tare pe baza de extracte naturale.<br \/>\n\u00cendep\u0103rteaz\u0103 cu u\u0219urin\u021b\u0103 uleiul, gr\u0103simea, ceara, urmele de scuff \u0219i gr\u0103simile corporale.<br \/>\nLas\u0103 \u00een urm\u0103 miros pl\u0103cut de citrice. Utilizarea pe email, o\u021bel inoxidabil, materiale plastice, vopsea \u0219i metale.<\/p>\n","protected":false},"excerpt":{"rendered":"<p>Cur\u0103\u021bare a suprafe\u021bei dure pe baz\u0103 de extracte naturale.<\/p>\n<p>\u00cendep\u0103rteaz\u0103 cu u\u0219urin\u021b\u0103 uleiul, gr\u0103simea, ceara, urmele de scuff \u0219i gr\u0103simile corporale.<\/p>\n<p>Las\u0103 \u00een urm\u0103 miros pl\u0103cut de citrice.<\/p>\n<p>Utilizarea pe email, o\u021bel inoxidabil, materiale plastice, vopsea \u0219i metale, precum \u0219i cele mai multe suprafe\u021be de podea.<\/p>\n<p>Poate fi diluat p\u00e2n\u0103 la 80:1 cu ap\u0103.<\/p>\n","protected":false},"featured_media":777,"comment_status":"open","ping_status":"closed","template":"","meta":{"nf_dc_page":""},"product_cat":[52],"product_tag":[62],"yoast_head":"<!-- This site is optimized with the Yoast SEO plugin v20.1 - https:\/\/yoast.com\/wordpress\/plugins\/seo\/ -->\n<title>Microcel - Heavy Duty Citrus Cleaner - Steinmann<\/title>\n<meta name=\"robots\" content=\"index, follow, max-snippet:-1, max-image-preview:large, max-video-preview:-1\" \/>\n<link rel=\"canonical\" href=\"https:\/\/steinmannonline.com\/ro\/shop\/pardoseala-si-suprafete\/microcel-heavy-duty-citrus-cleaner-2\/\" \/>\n<meta property=\"og:locale\" content=\"ro_RO\" \/>\n<meta property=\"og:type\" content=\"article\" \/>\n<meta property=\"og:title\" content=\"Microcel - Heavy Duty Citrus Cleaner - Steinmann\" \/>\n<meta property=\"og:description\" content=\"Cur\u0103\u021bare a suprafe\u021bei dure pe baz\u0103 de extracte naturale. \u00cendep\u0103rteaz\u0103 cu u\u0219urin\u021b\u0103 uleiul, gr\u0103simea, ceara, urmele de scuff \u0219i gr\u0103simile corporale. Las\u0103 \u00een urm\u0103 miros pl\u0103cut de citrice. Utilizarea pe email, o\u021bel inoxidabil, materiale plastice, vopsea \u0219i metale, precum \u0219i cele mai multe suprafe\u021be de podea. Poate fi diluat p\u00e2n\u0103 la 80:1 cu ap\u0103.\" \/>\n<meta property=\"og:url\" content=\"https:\/\/steinmannonline.com\/ro\/shop\/pardoseala-si-suprafete\/microcel-heavy-duty-citrus-cleaner-2\/\" \/>\n<meta property=\"og:site_name\" content=\"Steinmann\" \/>\n<meta property=\"og:image\" content=\"https:\/\/steinmannonline.com\/wp-content\/uploads\/2020\/06\/Microcel.png\" \/>\n\t<meta property=\"og:image:width\" content=\"1024\" \/>\n\t<meta property=\"og:image:height\" content=\"768\" \/>\n\t<meta property=\"og:image:type\" content=\"image\/png\" \/>\n<meta name=\"twitter:card\" content=\"summary_large_image\" \/>\n<script type=\"application\/ld+json\" class=\"yoast-schema-graph\">{\"@context\":\"https:\/\/schema.org\",\"@graph\":[{\"@type\":\"WebPage\",\"@id\":\"https:\/\/steinmannonline.com\/ro\/shop\/pardoseala-si-suprafete\/microcel-heavy-duty-citrus-cleaner-2\/\",\"url\":\"https:\/\/steinmannonline.com\/ro\/shop\/pardoseala-si-suprafete\/microcel-heavy-duty-citrus-cleaner-2\/\",\"name\":\"Microcel - Heavy Duty Citrus Cleaner - Steinmann\",\"isPartOf\":{\"@id\":\"https:\/\/steinmannonline.com\/en\/en\/#website\"},\"datePublished\":\"2020-08-16T17:53:18+00:00\",\"dateModified\":\"2020-08-16T17:53:18+00:00\",\"breadcrumb\":{\"@id\":\"https:\/\/steinmannonline.com\/ro\/shop\/pardoseala-si-suprafete\/microcel-heavy-duty-citrus-cleaner-2\/#breadcrumb\"},\"inLanguage\":\"ro-RO\",\"potentialAction\":[{\"@type\":\"ReadAction\",\"target\":[\"https:\/\/steinmannonline.com\/ro\/shop\/pardoseala-si-suprafete\/microcel-heavy-duty-citrus-cleaner-2\/\"]}]},{\"@type\":\"BreadcrumbList\",\"@id\":\"https:\/\/steinmannonline.com\/ro\/shop\/pardoseala-si-suprafete\/microcel-heavy-duty-citrus-cleaner-2\/#breadcrumb\",\"itemListElement\":[{\"@type\":\"ListItem\",\"position\":1,\"name\":\"Home\",\"item\":\"https:\/\/steinmannonline.com\/ro\/\"},{\"@type\":\"ListItem\",\"position\":2,\"name\":\"Shop\",\"item\":\"https:\/\/steinmannonline.com\/en\/shop\/\"},{\"@type\":\"ListItem\",\"position\":3,\"name\":\"Microcel &#8211; Heavy Duty Citrus Cleaner\"}]},{\"@type\":\"WebSite\",\"@id\":\"https:\/\/steinmannonline.com\/en\/en\/#website\",\"url\":\"https:\/\/steinmannonline.com\/en\/en\/\",\"name\":\"Steinmann\",\"description\":\"Cleaning Solutions\",\"publisher\":{\"@id\":\"https:\/\/steinmannonline.com\/en\/en\/#organization\"},\"potentialAction\":[{\"@type\":\"SearchAction\",\"target\":{\"@type\":\"EntryPoint\",\"urlTemplate\":\"https:\/\/steinmannonline.com\/en\/en\/?s={search_term_string}\"},\"query-input\":\"required name=search_term_string\"}],\"inLanguage\":\"ro-RO\"},{\"@type\":\"Organization\",\"@id\":\"https:\/\/steinmannonline.com\/en\/en\/#organization\",\"name\":\"Steinmann\",\"url\":\"https:\/\/steinmannonline.com\/en\/en\/\",\"logo\":{\"@type\":\"ImageObject\",\"inLanguage\":\"ro-RO\",\"@id\":\"https:\/\/steinmannonline.com\/en\/en\/#\/schema\/logo\/image\/\",\"url\":\"https:\/\/steinmannonline.com\/wp-content\/uploads\/2020\/05\/Asset-1.png\",\"contentUrl\":\"https:\/\/steinmannonline.com\/wp-content\/uploads\/2020\/05\/Asset-1.png\",\"width\":150,\"height\":55,\"caption\":\"Steinmann\"},\"image\":{\"@id\":\"https:\/\/steinmannonline.com\/en\/en\/#\/schema\/logo\/image\/\"}}]}<\/script>\n<!-- \/ Yoast SEO plugin. -->","yoast_head_json":{"title":"Microcel - Heavy Duty Citrus Cleaner - Steinmann","robots":{"index":"index","follow":"follow","max-snippet":"max-snippet:-1","max-image-preview":"max-image-preview:large","max-video-preview":"max-video-preview:-1"},"canonical":"https:\/\/steinmannonline.com\/ro\/shop\/pardoseala-si-suprafete\/microcel-heavy-duty-citrus-cleaner-2\/","og_locale":"ro_RO","og_type":"article","og_title":"Microcel - Heavy Duty Citrus Cleaner - Steinmann","og_description":"Cur\u0103\u021bare a suprafe\u021bei dure pe baz\u0103 de extracte naturale. \u00cendep\u0103rteaz\u0103 cu u\u0219urin\u021b\u0103 uleiul, gr\u0103simea, ceara, urmele de scuff \u0219i gr\u0103simile corporale. Las\u0103 \u00een urm\u0103 miros pl\u0103cut de citrice. Utilizarea pe email, o\u021bel inoxidabil, materiale plastice, vopsea \u0219i metale, precum \u0219i cele mai multe suprafe\u021be de podea. Poate fi diluat p\u00e2n\u0103 la 80:1 cu ap\u0103.","og_url":"https:\/\/steinmannonline.com\/ro\/shop\/pardoseala-si-suprafete\/microcel-heavy-duty-citrus-cleaner-2\/","og_site_name":"Steinmann","og_image":[{"width":1024,"height":768,"url":"https:\/\/steinmannonline.com\/wp-content\/uploads\/2020\/06\/Microcel.png","type":"image\/png"}],"twitter_card":"summary_large_image","schema":{"@context":"https:\/\/schema.org","@graph":[{"@type":"WebPage","@id":"https:\/\/steinmannonline.com\/ro\/shop\/pardoseala-si-suprafete\/microcel-heavy-duty-citrus-cleaner-2\/","url":"https:\/\/steinmannonline.com\/ro\/shop\/pardoseala-si-suprafete\/microcel-heavy-duty-citrus-cleaner-2\/","name":"Microcel - Heavy Duty Citrus Cleaner - Steinmann","isPartOf":{"@id":"https:\/\/steinmannonline.com\/en\/en\/#website"},"datePublished":"2020-08-16T17:53:18+00:00","dateModified":"2020-08-16T17:53:18+00:00","breadcrumb":{"@id":"https:\/\/steinmannonline.com\/ro\/shop\/pardoseala-si-suprafete\/microcel-heavy-duty-citrus-cleaner-2\/#breadcrumb"},"inLanguage":"ro-RO","potentialAction":[{"@type":"ReadAction","target":["https:\/\/steinmannonline.com\/ro\/shop\/pardoseala-si-suprafete\/microcel-heavy-duty-citrus-cleaner-2\/"]}]},{"@type":"BreadcrumbList","@id":"https:\/\/steinmannonline.com\/ro\/shop\/pardoseala-si-suprafete\/microcel-heavy-duty-citrus-cleaner-2\/#breadcrumb","itemListElement":[{"@type":"ListItem","position":1,"name":"Home","item":"https:\/\/steinmannonline.com\/ro\/"},{"@type":"ListItem","position":2,"name":"Shop","item":"https:\/\/steinmannonline.com\/en\/shop\/"},{"@type":"ListItem","position":3,"name":"Microcel &#8211; Heavy Duty Citrus Cleaner"}]},{"@type":"WebSite","@id":"https:\/\/steinmannonline.com\/en\/en\/#website","url":"https:\/\/steinmannonline.com\/en\/en\/","name":"Steinmann","description":"Cleaning Solutions","publisher":{"@id":"https:\/\/steinmannonline.com\/en\/en\/#organization"},"potentialAction":[{"@type":"SearchAction","target":{"@type":"EntryPoint","urlTemplate":"https:\/\/steinmannonline.com\/en\/en\/?s={search_term_string}"},"query-input":"required name=search_term_string"}],"inLanguage":"ro-RO"},{"@type":"Organization","@id":"https:\/\/steinmannonline.com\/en\/en\/#organization","name":"Steinmann","url":"https:\/\/steinmannonline.com\/en\/en\/","logo":{"@type":"ImageObject","inLanguage":"ro-RO","@id":"https:\/\/steinmannonline.com\/en\/en\/#\/schema\/logo\/image\/","url":"https:\/\/steinmannonline.com\/wp-content\/uploads\/2020\/05\/Asset-1.png","contentUrl":"https:\/\/steinmannonline.com\/wp-content\/uploads\/2020\/05\/Asset-1.png","width":150,"height":55,"caption":"Steinmann"},"image":{"@id":"https:\/\/steinmannonline.com\/en\/en\/#\/schema\/logo\/image\/"}}]}},"_links":{"self":[{"href":"https:\/\/steinmannonline.com\/ro\/wp-json\/wp\/v2\/product\/812"}],"collection":[{"href":"https:\/\/steinmannonline.com\/ro\/wp-json\/wp\/v2\/product"}],"about":[{"href":"https:\/\/steinmannonline.com\/ro\/wp-json\/wp\/v2\/types\/product"}],"replies":[{"embeddable":true,"href":"https:\/\/steinmannonline.com\/ro\/wp-json\/wp\/v2\/comments?post=812"}],"version-history":[{"count":0,"href":"https:\/\/steinmannonline.com\/ro\/wp-json\/wp\/v2\/product\/812\/revisions"}],"wp:featuredmedia":[{"embeddable":true,"href":"https:\/\/steinmannonline.com\/ro\/wp-json\/wp\/v2\/media\/777"}],"wp:attachment":[{"href":"https:\/\/steinmannonline.com\/ro\/wp-json\/wp\/v2\/media?parent=812"}],"wp:term":[{"taxonomy":"product_cat","embeddable":true,"href":"https:\/\/steinmannonline.com\/ro\/wp-json\/wp\/v2\/product_cat?post=812"},{"taxonomy":"product_tag","embeddable":true,"href":"https:\/\/steinmannonline.com\/ro\/wp-json\/wp\/v2\/product_tag?post=812"}],"curies":[{"name":"wp","href":"https:\/\/api.w.org\/{rel}","templated":true}]}}