{"id":740,"date":"2020-06-18T13:17:42","date_gmt":"2020-08-07T16:35:28","guid":{"rendered":"https:\/\/steinmannonline.com\/shop\/cemtec-beton-podea-cleaner\/"},"modified":"2020-08-07T16:35:33","modified_gmt":"2020-08-07T16:35:33","slug":"cemtec-grele-beton-podea-curat","status":"publish","type":"product","link":"https:\/\/steinmannonline.com\/ro\/shop\/pardoseala-si-suprafete\/cemtec-grele-beton-podea-curat\/","title":{"rendered":"Cemtec &#8211; Beton Podea Cleaner"},"content":{"rendered":"<p>Cur\u0103\u021b\u0103tor de podele din beton greu.<br \/>\nCur\u0103\u021b\u0103 \u0219i lumineaz\u0103 podelele din beton nesigilat \u0219i \u00eendep\u0103rteaz\u0103 chiar \u0219i \u00eenmuiate \u00een ulei, gr\u0103sime \u0219i pete.<\/p>\n","protected":false},"excerpt":{"rendered":"<p>Cur\u0103\u021b\u0103 \u0219i lumineaz\u0103 podelele din beton nesigilat \u0219i \u00eendep\u0103rteaz\u0103 chiar \u0219i \u00eenmuiate \u00een ulei, gr\u0103sime \u0219i pete.<\/p>\n<p>Utiliza\u021bi \u00eengrijite pentru contaminare foarte grele, dar poate fi diluat p\u00e2n\u0103 la 10:1 pentru cur\u0103\u021bare regulat\u0103. U\u0219or de aplicat prin mop sau perie de lucru bine \u00een suprafa\u021b\u0103, apoi furtun sau mop departe dup\u0103 c\u00e2teva minute. Poate fi, de asemenea, utilizat ca un pre-curat pentru pardoseli din beton \u00eenainte de etan\u0219are, care las\u0103 o cheie excelent\u0103 pentru o mai bun\u0103 aderen\u021b\u0103.<\/p>\n","protected":false},"featured_media":741,"comment_status":"open","ping_status":"closed","template":"","meta":{"nf_dc_page":""},"product_cat":[52],"product_tag":[63,62],"yoast_head":"<!-- This site is optimized with the Yoast SEO plugin v20.1 - https:\/\/yoast.com\/wordpress\/plugins\/seo\/ -->\n<title>Cemtec - Beton Podea Cleaner - Steinmann<\/title>\n<meta name=\"robots\" content=\"index, follow, max-snippet:-1, max-image-preview:large, max-video-preview:-1\" \/>\n<link rel=\"canonical\" href=\"https:\/\/steinmannonline.com\/ro\/shop\/pardoseala-si-suprafete\/cemtec-grele-beton-podea-curat\/\" \/>\n<meta property=\"og:locale\" content=\"ro_RO\" \/>\n<meta property=\"og:type\" content=\"article\" \/>\n<meta property=\"og:title\" content=\"Cemtec - Beton Podea Cleaner - Steinmann\" \/>\n<meta property=\"og:description\" content=\"Cur\u0103\u021b\u0103 \u0219i lumineaz\u0103 podelele din beton nesigilat \u0219i \u00eendep\u0103rteaz\u0103 chiar \u0219i \u00eenmuiate \u00een ulei, gr\u0103sime \u0219i pete. Utiliza\u021bi \u00eengrijite pentru contaminare foarte grele, dar poate fi diluat p\u00e2n\u0103 la 10:1 pentru cur\u0103\u021bare regulat\u0103. U\u0219or de aplicat prin mop sau perie de lucru bine \u00een suprafa\u021b\u0103, apoi furtun sau mop departe dup\u0103 c\u00e2teva minute. Poate fi, de asemenea, utilizat ca un pre-curat pentru pardoseli din beton \u00eenainte de etan\u0219are, care las\u0103 o cheie excelent\u0103 pentru o mai bun\u0103 aderen\u021b\u0103.\" \/>\n<meta property=\"og:url\" content=\"https:\/\/steinmannonline.com\/ro\/shop\/pardoseala-si-suprafete\/cemtec-grele-beton-podea-curat\/\" \/>\n<meta property=\"og:site_name\" content=\"Steinmann\" \/>\n<meta property=\"article:modified_time\" content=\"2020-08-07T16:35:33+00:00\" \/>\n<meta property=\"og:image\" content=\"https:\/\/steinmannonline.com\/wp-content\/uploads\/2020\/06\/Cemtec-1.png\" \/>\n\t<meta property=\"og:image:width\" content=\"1024\" \/>\n\t<meta property=\"og:image:height\" content=\"768\" \/>\n\t<meta property=\"og:image:type\" content=\"image\/png\" \/>\n<meta name=\"twitter:card\" content=\"summary_large_image\" \/>\n<script type=\"application\/ld+json\" class=\"yoast-schema-graph\">{\"@context\":\"https:\/\/schema.org\",\"@graph\":[{\"@type\":\"WebPage\",\"@id\":\"https:\/\/steinmannonline.com\/ro\/shop\/pardoseala-si-suprafete\/cemtec-grele-beton-podea-curat\/\",\"url\":\"https:\/\/steinmannonline.com\/ro\/shop\/pardoseala-si-suprafete\/cemtec-grele-beton-podea-curat\/\",\"name\":\"Cemtec - Beton Podea Cleaner - Steinmann\",\"isPartOf\":{\"@id\":\"https:\/\/steinmannonline.com\/en\/en\/#website\"},\"datePublished\":\"2020-08-07T16:35:28+00:00\",\"dateModified\":\"2020-08-07T16:35:33+00:00\",\"breadcrumb\":{\"@id\":\"https:\/\/steinmannonline.com\/ro\/shop\/pardoseala-si-suprafete\/cemtec-grele-beton-podea-curat\/#breadcrumb\"},\"inLanguage\":\"ro-RO\",\"potentialAction\":[{\"@type\":\"ReadAction\",\"target\":[\"https:\/\/steinmannonline.com\/ro\/shop\/pardoseala-si-suprafete\/cemtec-grele-beton-podea-curat\/\"]}]},{\"@type\":\"BreadcrumbList\",\"@id\":\"https:\/\/steinmannonline.com\/ro\/shop\/pardoseala-si-suprafete\/cemtec-grele-beton-podea-curat\/#breadcrumb\",\"itemListElement\":[{\"@type\":\"ListItem\",\"position\":1,\"name\":\"Home\",\"item\":\"https:\/\/steinmannonline.com\/ro\/\"},{\"@type\":\"ListItem\",\"position\":2,\"name\":\"Shop\",\"item\":\"https:\/\/steinmannonline.com\/en\/shop\/\"},{\"@type\":\"ListItem\",\"position\":3,\"name\":\"Cemtec &#8211; Beton Podea Cleaner\"}]},{\"@type\":\"WebSite\",\"@id\":\"https:\/\/steinmannonline.com\/en\/en\/#website\",\"url\":\"https:\/\/steinmannonline.com\/en\/en\/\",\"name\":\"Steinmann\",\"description\":\"Cleaning Solutions\",\"publisher\":{\"@id\":\"https:\/\/steinmannonline.com\/en\/en\/#organization\"},\"potentialAction\":[{\"@type\":\"SearchAction\",\"target\":{\"@type\":\"EntryPoint\",\"urlTemplate\":\"https:\/\/steinmannonline.com\/en\/en\/?s={search_term_string}\"},\"query-input\":\"required name=search_term_string\"}],\"inLanguage\":\"ro-RO\"},{\"@type\":\"Organization\",\"@id\":\"https:\/\/steinmannonline.com\/en\/en\/#organization\",\"name\":\"Steinmann\",\"url\":\"https:\/\/steinmannonline.com\/en\/en\/\",\"logo\":{\"@type\":\"ImageObject\",\"inLanguage\":\"ro-RO\",\"@id\":\"https:\/\/steinmannonline.com\/en\/en\/#\/schema\/logo\/image\/\",\"url\":\"https:\/\/steinmannonline.com\/wp-content\/uploads\/2020\/05\/Asset-1.png\",\"contentUrl\":\"https:\/\/steinmannonline.com\/wp-content\/uploads\/2020\/05\/Asset-1.png\",\"width\":150,\"height\":55,\"caption\":\"Steinmann\"},\"image\":{\"@id\":\"https:\/\/steinmannonline.com\/en\/en\/#\/schema\/logo\/image\/\"}}]}<\/script>\n<!-- \/ Yoast SEO plugin. -->","yoast_head_json":{"title":"Cemtec - Beton Podea Cleaner - Steinmann","robots":{"index":"index","follow":"follow","max-snippet":"max-snippet:-1","max-image-preview":"max-image-preview:large","max-video-preview":"max-video-preview:-1"},"canonical":"https:\/\/steinmannonline.com\/ro\/shop\/pardoseala-si-suprafete\/cemtec-grele-beton-podea-curat\/","og_locale":"ro_RO","og_type":"article","og_title":"Cemtec - Beton Podea Cleaner - Steinmann","og_description":"Cur\u0103\u021b\u0103 \u0219i lumineaz\u0103 podelele din beton nesigilat \u0219i \u00eendep\u0103rteaz\u0103 chiar \u0219i \u00eenmuiate \u00een ulei, gr\u0103sime \u0219i pete. Utiliza\u021bi \u00eengrijite pentru contaminare foarte grele, dar poate fi diluat p\u00e2n\u0103 la 10:1 pentru cur\u0103\u021bare regulat\u0103. U\u0219or de aplicat prin mop sau perie de lucru bine \u00een suprafa\u021b\u0103, apoi furtun sau mop departe dup\u0103 c\u00e2teva minute. Poate fi, de asemenea, utilizat ca un pre-curat pentru pardoseli din beton \u00eenainte de etan\u0219are, care las\u0103 o cheie excelent\u0103 pentru o mai bun\u0103 aderen\u021b\u0103.","og_url":"https:\/\/steinmannonline.com\/ro\/shop\/pardoseala-si-suprafete\/cemtec-grele-beton-podea-curat\/","og_site_name":"Steinmann","article_modified_time":"2020-08-07T16:35:33+00:00","og_image":[{"width":1024,"height":768,"url":"https:\/\/steinmannonline.com\/wp-content\/uploads\/2020\/06\/Cemtec-1.png","type":"image\/png"}],"twitter_card":"summary_large_image","schema":{"@context":"https:\/\/schema.org","@graph":[{"@type":"WebPage","@id":"https:\/\/steinmannonline.com\/ro\/shop\/pardoseala-si-suprafete\/cemtec-grele-beton-podea-curat\/","url":"https:\/\/steinmannonline.com\/ro\/shop\/pardoseala-si-suprafete\/cemtec-grele-beton-podea-curat\/","name":"Cemtec - Beton Podea Cleaner - Steinmann","isPartOf":{"@id":"https:\/\/steinmannonline.com\/en\/en\/#website"},"datePublished":"2020-08-07T16:35:28+00:00","dateModified":"2020-08-07T16:35:33+00:00","breadcrumb":{"@id":"https:\/\/steinmannonline.com\/ro\/shop\/pardoseala-si-suprafete\/cemtec-grele-beton-podea-curat\/#breadcrumb"},"inLanguage":"ro-RO","potentialAction":[{"@type":"ReadAction","target":["https:\/\/steinmannonline.com\/ro\/shop\/pardoseala-si-suprafete\/cemtec-grele-beton-podea-curat\/"]}]},{"@type":"BreadcrumbList","@id":"https:\/\/steinmannonline.com\/ro\/shop\/pardoseala-si-suprafete\/cemtec-grele-beton-podea-curat\/#breadcrumb","itemListElement":[{"@type":"ListItem","position":1,"name":"Home","item":"https:\/\/steinmannonline.com\/ro\/"},{"@type":"ListItem","position":2,"name":"Shop","item":"https:\/\/steinmannonline.com\/en\/shop\/"},{"@type":"ListItem","position":3,"name":"Cemtec &#8211; Beton Podea Cleaner"}]},{"@type":"WebSite","@id":"https:\/\/steinmannonline.com\/en\/en\/#website","url":"https:\/\/steinmannonline.com\/en\/en\/","name":"Steinmann","description":"Cleaning Solutions","publisher":{"@id":"https:\/\/steinmannonline.com\/en\/en\/#organization"},"potentialAction":[{"@type":"SearchAction","target":{"@type":"EntryPoint","urlTemplate":"https:\/\/steinmannonline.com\/en\/en\/?s={search_term_string}"},"query-input":"required name=search_term_string"}],"inLanguage":"ro-RO"},{"@type":"Organization","@id":"https:\/\/steinmannonline.com\/en\/en\/#organization","name":"Steinmann","url":"https:\/\/steinmannonline.com\/en\/en\/","logo":{"@type":"ImageObject","inLanguage":"ro-RO","@id":"https:\/\/steinmannonline.com\/en\/en\/#\/schema\/logo\/image\/","url":"https:\/\/steinmannonline.com\/wp-content\/uploads\/2020\/05\/Asset-1.png","contentUrl":"https:\/\/steinmannonline.com\/wp-content\/uploads\/2020\/05\/Asset-1.png","width":150,"height":55,"caption":"Steinmann"},"image":{"@id":"https:\/\/steinmannonline.com\/en\/en\/#\/schema\/logo\/image\/"}}]}},"_links":{"self":[{"href":"https:\/\/steinmannonline.com\/ro\/wp-json\/wp\/v2\/product\/740"}],"collection":[{"href":"https:\/\/steinmannonline.com\/ro\/wp-json\/wp\/v2\/product"}],"about":[{"href":"https:\/\/steinmannonline.com\/ro\/wp-json\/wp\/v2\/types\/product"}],"replies":[{"embeddable":true,"href":"https:\/\/steinmannonline.com\/ro\/wp-json\/wp\/v2\/comments?post=740"}],"version-history":[{"count":0,"href":"https:\/\/steinmannonline.com\/ro\/wp-json\/wp\/v2\/product\/740\/revisions"}],"wp:featuredmedia":[{"embeddable":true,"href":"https:\/\/steinmannonline.com\/ro\/wp-json\/wp\/v2\/media\/741"}],"wp:attachment":[{"href":"https:\/\/steinmannonline.com\/ro\/wp-json\/wp\/v2\/media?parent=740"}],"wp:term":[{"taxonomy":"product_cat","embeddable":true,"href":"https:\/\/steinmannonline.com\/ro\/wp-json\/wp\/v2\/product_cat?post=740"},{"taxonomy":"product_tag","embeddable":true,"href":"https:\/\/steinmannonline.com\/ro\/wp-json\/wp\/v2\/product_tag?post=740"}],"curies":[{"name":"wp","href":"https:\/\/api.w.org\/{rel}","templated":true}]}}